{"id":2676,"date":"2021-09-22T12:50:43","date_gmt":"2021-09-22T10:50:43","guid":{"rendered":"https:\/\/primeaero.at\/?page_id=2676"},"modified":"2025-02-04T13:00:22","modified_gmt":"2025-02-04T12:00:22","slug":"support-training-services","status":"publish","type":"page","link":"https:\/\/primeaero.at\/de\/support-training-services\/","title":{"rendered":"Support, Training &#038; Services"},"content":{"rendered":"\n<h4 class=\"wp-block-heading\" id=\"ihre-zufriedenheit-ist-unser-auftrag\">Ihre Zufriedenheit ist unser Auftrag<\/h4>\n\n\n\n<p class=\"wp-block-paragraph\">Service wird bei TECHNIA (ehemals PRIME) gro\u00df geschrieben. Daher stehen wir unseren Kunden mit umfassender Expertise, Kreativit\u00e4t und Verl\u00e4sslichkeit zur Verf\u00fcgung.<\/p>\n\n\n\n<hr class=\"wp-block-coblocks-dynamic-separator is-style-line\" style=\"height:50px\"\/>\n\n\n\n<h4 class=\"wp-block-heading\" id=\"software-support\"><em><span style=\"text-decoration: underline;\">Software Support<\/span><\/em><\/h4>\n\n\n\n<p class=\"wp-block-paragraph\">Um die von TECHNIA (ehemals PRIME) bereitgestellte Software so effizient wie m\u00f6glich zu nutzen, bieten wir allen unseren Kunden im Rahmen des Miet- oder Wartungsvertrages einen High-End-Software-Support. Dieser Service wird von erfahrenen und zertifizierten Ingenieuren erbracht, die die Tools auch in ihrer t\u00e4glichen Arbeit einsetzen. Mit diesem Ansatz garantieren wir h\u00f6chste Qualit\u00e4t und k\u00fcrzeste Durchlaufzeiten bei der L\u00f6sung Ihrer Probleme. Unsere Software-Support-Ingenieure sind mit dem Back-End-Support von Dassault Syst\u00e8mes (DS) verbunden, um die Kommunikation mit der DS-Softwareentwicklung im Falle kritischer Probleme und spezieller Kundenanforderungen sicherzustellen.<\/p>\n\n\n\n<h5 class=\"wp-block-heading has-text-align-center\" id=\"3ds-software-support-hotline\">3DS Software Support Hotline<\/h5>\n\n\n\n<p class=\"has-text-align-center wp-block-paragraph\">Telefon: +43 (0)2243 26 800 &#8211; 42<br>Telefon: +43 (0)2243 26 800 &#8211; 44<br><a href=\"mailto:simulia.suport@primeaero.at\" target=\"_blank\" rel=\"noreferrer noopener\">simulia.support@primeaero.at<\/a><\/p>\n\n\n\n<hr class=\"wp-block-coblocks-dynamic-separator is-style-line\" style=\"height:50px\"\/>\n\n\n\n<h4 class=\"wp-block-heading\" id=\"training\"><em><span style=\"text-decoration: underline;\">Training<\/span><\/em><\/h4>\n\n\n\n<p class=\"wp-block-paragraph\">TECHNIA bietet als zertifizierter Dassault Syst\u00e8mes Schulungspartner seit 30 Jahren ein umfassendes Schulungsangebot an CAD- , Simulations-, DELMIA\/NC- und PLM-Schulungen zu Dassault Syst\u00e8mes-L\u00f6sungen sowie NX-Trainings z.B. f\u00fcr Daimler\/Mercedes Supplier als auch TECHNIA-L\u00f6sungen und Sonderthemen.<\/p>\n\n\n\n<p class=\"wp-block-paragraph\">Eine \u00dcbersicht \u00fcber <a href=\"https:\/\/www.technia.de\/schulung\/\">alle Schulungen finden Sie hier<\/a>.<\/p>\n\n\n\n<p class=\"wp-block-paragraph\" style=\"font-size:16px\">(Sie werden auf die Schulungsseite der TECHNIA GmbH umgeleitet.)<\/p>\n\n\n\n<p class=\"wp-block-paragraph\">Zudem bieten wir Ihnen eine Reihe an Simulationsschulungen an, diese finden unter der <a href=\"https:\/\/www.technia.de\/schulung\/kursangebot\/region-de\/cat-58-simulia-schulungen\/\">Kategorie \u201eSIMULIA Schulungen\u201c<\/a>.<\/p>\n\n\n\n<p class=\"wp-block-paragraph\" style=\"font-size:16px\">(Sie werden auf die Schulungsseite der TECHNIA GmbH umgeleitet.)<\/p>\n\n\n\n<p class=\"wp-block-paragraph\">Die Nutzung des Softwareportfolios von Dassault Syst\u00e8mes, das von TECHNIA (ehemals PRIME) bereitgestellt wird, ist einfach \u2013 allerdings kann es sein, dass eine Schulung erforderlich ist, um die Konzepte hinter den verschiedenen Werkzeugen und Anwendungen zu erlernen. So k\u00f6nnen Sie bei Ihren Entwicklungsprojekten maximale Ergebnisse erzielen. TECHNIA (ehemals PRIME) bietet verschiedene M\u00f6glichkeiten, Ihre Teams auf den neuesten Stand zu bringen \u2013 w\u00e4hlen Sie zwischen diesen Optionen:<\/p>\n\n\n\n<ul class=\"wp-block-list\">\n<li>Pr\u00e4senzschulungen an einem unserer Standorte in \u00d6sterreich oder Deutschland<\/li>\n\n\n\n<li>Live-Online-Trainings mit eigener Trainings Cloud f\u00fcr autodidaktisches Lernen im eigenen Tempo<\/li>\n\n\n\n<li>Ma\u00dfgeschneiderte Schulungen f\u00fcr Ihr spezifisches Projekt, an unseren Standorten oder vor Ort an Ihrem Arbeitsplatz<\/li>\n<\/ul>\n\n\n\n<p class=\"wp-block-paragraph\"><\/p>\n\n\n\n<hr class=\"wp-block-coblocks-dynamic-separator is-style-line\" style=\"height:50px\"\/>\n\n\n\n<h4 class=\"wp-block-heading\" id=\"services\">Services<\/h4>\n\n\n\n<p class=\"wp-block-paragraph\">Unsere Kunden setzen die Software-Tools von Dassault Syst\u00e8mes in vielen verschiedenen Branchen und Anwendungen ein. TECHNIA (ehemals PRIME) tr\u00e4gt dazu bei, das Ergebnis durch zus\u00e4tzliche Dienstleistungen zu verbessern, die \u00fcber den Standardsoftware-Support und die Schulung hinausgehen, das beinhaltet unter anderem:<\/p>\n\n\n\n<ul class=\"wp-block-list\">\n<li>Zusammenarbeit in der Fr\u00fchphase von Projekten zum Aufbau von speziellen Workflows<\/li>\n\n\n\n<li>Entwicklung von Software-Routinen f\u00fcr kundenspezifische Anwendungen<\/li>\n\n\n\n<li>Bereitstellung von erfahrenem Personal f\u00fcr Bedarfsspitzen<\/li>\n\n\n\n<li>etc.<\/li>\n<\/ul>\n\n\n\n<hr class=\"wp-block-coblocks-dynamic-separator is-style-line\" style=\"height:50px\"\/>\n\n\n\n<h4 class=\"wp-block-heading\">Bitte kontaktieren Sie uns:<\/h4>\n\n\n\n<p class=\"wp-block-paragraph\">Schreiben Sie uns eine E-Mail an info-center@technia.de<\/p>\n\n\n\n<p class=\"wp-block-paragraph\">Senden Sie uns ein Fax: +49 721 97043 971<\/p>\n\n\n\n<p class=\"wp-block-paragraph\">F\u00fcllen Sie das Kontaktformular aus: <a href=\"https:\/\/www.technia.de\/kontakt\/#kontaktformular\">Zum Kontaktformular<\/a><\/p>\n\n\n\n<p class=\"wp-block-paragraph\"><\/p>\n","protected":false},"excerpt":{"rendered":"<p>Ihre Zufriedenheit ist unser Auftrag Service wird bei TECHNIA (ehemals PRIME) gro\u00df geschrieben. Daher stehen wir unseren Kunden mit umfassender Expertise, Kreativit\u00e4t und Verl\u00e4sslichkeit zur Verf\u00fcgung. Software Support Um die von TECHNIA (ehemals PRIME) bereitgestellte Software so effizient wie m\u00f6glich &hellip; <a href=\"https:\/\/primeaero.at\/de\/support-training-services\/\" class=\"more-link\"><span class=\"screen-reader-text\">Support, Training &#038; Services<\/span> weiterlesen<\/a><\/p>\n","protected":false},"author":185605373,"featured_media":2511,"parent":0,"menu_order":0,"comment_status":"closed","ping_status":"closed","template":"","meta":{"_coblocks_attr":"","_coblocks_dimensions":"","_coblocks_responsive_height":"","_coblocks_accordion_ie_support":"","_crdt_document":"","footnotes":""},"tags":[],"class_list":["post-2676","page","type-page","status-publish","has-post-thumbnail","hentry"],"yoast_head":"<!-- This site is optimized with the Yoast SEO plugin v27.4 - https:\/\/yoast.com\/product\/yoast-seo-wordpress\/ -->\n<title>Support, Training &amp; Services - TECHNIA (PRIME aerostructures)<\/title>\n<meta name=\"robots\" content=\"index, follow, max-snippet:-1, max-image-preview:large, max-video-preview:-1\" \/>\n<link rel=\"canonical\" href=\"https:\/\/primeaero.at\/de\/support-training-services\/\" \/>\n<meta property=\"og:locale\" content=\"de_DE\" \/>\n<meta property=\"og:type\" content=\"article\" \/>\n<meta property=\"og:title\" content=\"Support, Training &amp; Services - TECHNIA (PRIME aerostructures)\" \/>\n<meta property=\"og:description\" content=\"Ihre Zufriedenheit ist unser Auftrag Service wird bei TECHNIA (ehemals PRIME) gro\u00df geschrieben. Daher stehen wir unseren Kunden mit umfassender Expertise, Kreativit\u00e4t und Verl\u00e4sslichkeit zur Verf\u00fcgung. Software Support Um die von TECHNIA (ehemals PRIME) bereitgestellte Software so effizient wie m\u00f6glich &hellip;\" \/>\n<meta property=\"og:url\" content=\"https:\/\/primeaero.at\/de\/support-training-services\/\" \/>\n<meta property=\"og:site_name\" content=\"TECHNIA (PRIME aerostructures)\" \/>\n<meta property=\"article:modified_time\" content=\"2025-02-04T12:00:22+00:00\" \/>\n<meta property=\"og:image\" content=\"https:\/\/primeaero.at\/wp-content\/uploads\/2020\/09\/Strudel-1920x525-1.jpg\" \/>\n\t<meta property=\"og:image:width\" content=\"1920\" \/>\n\t<meta property=\"og:image:height\" content=\"525\" \/>\n\t<meta property=\"og:image:type\" content=\"image\/jpeg\" \/>\n<meta name=\"twitter:card\" content=\"summary_large_image\" \/>\n<meta name=\"twitter:label1\" content=\"Gesch\u00e4tzte Lesezeit\" \/>\n\t<meta name=\"twitter:data1\" content=\"2\u00a0Minuten\" \/>\n<script type=\"application\/ld+json\" class=\"yoast-schema-graph\">{\"@context\":\"https:\\\/\\\/schema.org\",\"@graph\":[{\"@type\":\"WebPage\",\"@id\":\"https:\\\/\\\/primeaero.at\\\/de\\\/support-training-services\\\/\",\"url\":\"https:\\\/\\\/primeaero.at\\\/de\\\/support-training-services\\\/\",\"name\":\"Support, Training & Services - TECHNIA (PRIME aerostructures)\",\"isPartOf\":{\"@id\":\"https:\\\/\\\/primeaero.at\\\/#website\"},\"primaryImageOfPage\":{\"@id\":\"https:\\\/\\\/primeaero.at\\\/de\\\/support-training-services\\\/#primaryimage\"},\"image\":{\"@id\":\"https:\\\/\\\/primeaero.at\\\/de\\\/support-training-services\\\/#primaryimage\"},\"thumbnailUrl\":\"https:\\\/\\\/i0.wp.com\\\/primeaero.at\\\/wp-content\\\/uploads\\\/2020\\\/09\\\/Strudel-1920x525-1.jpg?fit=1920%2C525&ssl=1\",\"datePublished\":\"2021-09-22T10:50:43+00:00\",\"dateModified\":\"2025-02-04T12:00:22+00:00\",\"breadcrumb\":{\"@id\":\"https:\\\/\\\/primeaero.at\\\/de\\\/support-training-services\\\/#breadcrumb\"},\"inLanguage\":\"de\",\"potentialAction\":[{\"@type\":\"ReadAction\",\"target\":[\"https:\\\/\\\/primeaero.at\\\/de\\\/support-training-services\\\/\"]}]},{\"@type\":\"ImageObject\",\"inLanguage\":\"de\",\"@id\":\"https:\\\/\\\/primeaero.at\\\/de\\\/support-training-services\\\/#primaryimage\",\"url\":\"https:\\\/\\\/i0.wp.com\\\/primeaero.at\\\/wp-content\\\/uploads\\\/2020\\\/09\\\/Strudel-1920x525-1.jpg?fit=1920%2C525&ssl=1\",\"contentUrl\":\"https:\\\/\\\/i0.wp.com\\\/primeaero.at\\\/wp-content\\\/uploads\\\/2020\\\/09\\\/Strudel-1920x525-1.jpg?fit=1920%2C525&ssl=1\",\"width\":1920,\"height\":525},{\"@type\":\"BreadcrumbList\",\"@id\":\"https:\\\/\\\/primeaero.at\\\/de\\\/support-training-services\\\/#breadcrumb\",\"itemListElement\":[{\"@type\":\"ListItem\",\"position\":1,\"name\":\"Home\",\"item\":\"https:\\\/\\\/primeaero.at\\\/\"},{\"@type\":\"ListItem\",\"position\":2,\"name\":\"Support, Training &#038; Services\"}]},{\"@type\":\"WebSite\",\"@id\":\"https:\\\/\\\/primeaero.at\\\/#website\",\"url\":\"https:\\\/\\\/primeaero.at\\\/\",\"name\":\"TECHNIA (PRIME aerostructures)\",\"description\":\"Engineering Ideas\",\"publisher\":{\"@id\":\"https:\\\/\\\/primeaero.at\\\/#organization\"},\"potentialAction\":[{\"@type\":\"SearchAction\",\"target\":{\"@type\":\"EntryPoint\",\"urlTemplate\":\"https:\\\/\\\/primeaero.at\\\/?s={search_term_string}\"},\"query-input\":{\"@type\":\"PropertyValueSpecification\",\"valueRequired\":true,\"valueName\":\"search_term_string\"}}],\"inLanguage\":\"de\"},{\"@type\":\"Organization\",\"@id\":\"https:\\\/\\\/primeaero.at\\\/#organization\",\"name\":\"TECHNIA (PRIME aerostructures)\",\"url\":\"https:\\\/\\\/primeaero.at\\\/\",\"logo\":{\"@type\":\"ImageObject\",\"inLanguage\":\"de\",\"@id\":\"https:\\\/\\\/primeaero.at\\\/#\\\/schema\\\/logo\\\/image\\\/\",\"url\":\"https:\\\/\\\/i0.wp.com\\\/primeaero.at\\\/wp-content\\\/uploads\\\/2025\\\/02\\\/cropped-Technia-logo-RGB-blue-pos-500space.png?fit=500%2C191&ssl=1\",\"contentUrl\":\"https:\\\/\\\/i0.wp.com\\\/primeaero.at\\\/wp-content\\\/uploads\\\/2025\\\/02\\\/cropped-Technia-logo-RGB-blue-pos-500space.png?fit=500%2C191&ssl=1\",\"width\":500,\"height\":191,\"caption\":\"TECHNIA (PRIME aerostructures)\"},\"image\":{\"@id\":\"https:\\\/\\\/primeaero.at\\\/#\\\/schema\\\/logo\\\/image\\\/\"}}]}<\/script>\n<!-- \/ Yoast SEO plugin. -->","yoast_head_json":{"title":"Support, Training & Services - TECHNIA (PRIME aerostructures)","robots":{"index":"index","follow":"follow","max-snippet":"max-snippet:-1","max-image-preview":"max-image-preview:large","max-video-preview":"max-video-preview:-1"},"canonical":"https:\/\/primeaero.at\/de\/support-training-services\/","og_locale":"de_DE","og_type":"article","og_title":"Support, Training & Services - TECHNIA (PRIME aerostructures)","og_description":"Ihre Zufriedenheit ist unser Auftrag Service wird bei TECHNIA (ehemals PRIME) gro\u00df geschrieben. Daher stehen wir unseren Kunden mit umfassender Expertise, Kreativit\u00e4t und Verl\u00e4sslichkeit zur Verf\u00fcgung. Software Support Um die von TECHNIA (ehemals PRIME) bereitgestellte Software so effizient wie m\u00f6glich &hellip;","og_url":"https:\/\/primeaero.at\/de\/support-training-services\/","og_site_name":"TECHNIA (PRIME aerostructures)","article_modified_time":"2025-02-04T12:00:22+00:00","og_image":[{"width":1920,"height":525,"url":"https:\/\/primeaero.at\/wp-content\/uploads\/2020\/09\/Strudel-1920x525-1.jpg","type":"image\/jpeg"}],"twitter_card":"summary_large_image","twitter_misc":{"Gesch\u00e4tzte Lesezeit":"2\u00a0Minuten"},"schema":{"@context":"https:\/\/schema.org","@graph":[{"@type":"WebPage","@id":"https:\/\/primeaero.at\/de\/support-training-services\/","url":"https:\/\/primeaero.at\/de\/support-training-services\/","name":"Support, Training & Services - TECHNIA (PRIME aerostructures)","isPartOf":{"@id":"https:\/\/primeaero.at\/#website"},"primaryImageOfPage":{"@id":"https:\/\/primeaero.at\/de\/support-training-services\/#primaryimage"},"image":{"@id":"https:\/\/primeaero.at\/de\/support-training-services\/#primaryimage"},"thumbnailUrl":"https:\/\/i0.wp.com\/primeaero.at\/wp-content\/uploads\/2020\/09\/Strudel-1920x525-1.jpg?fit=1920%2C525&ssl=1","datePublished":"2021-09-22T10:50:43+00:00","dateModified":"2025-02-04T12:00:22+00:00","breadcrumb":{"@id":"https:\/\/primeaero.at\/de\/support-training-services\/#breadcrumb"},"inLanguage":"de","potentialAction":[{"@type":"ReadAction","target":["https:\/\/primeaero.at\/de\/support-training-services\/"]}]},{"@type":"ImageObject","inLanguage":"de","@id":"https:\/\/primeaero.at\/de\/support-training-services\/#primaryimage","url":"https:\/\/i0.wp.com\/primeaero.at\/wp-content\/uploads\/2020\/09\/Strudel-1920x525-1.jpg?fit=1920%2C525&ssl=1","contentUrl":"https:\/\/i0.wp.com\/primeaero.at\/wp-content\/uploads\/2020\/09\/Strudel-1920x525-1.jpg?fit=1920%2C525&ssl=1","width":1920,"height":525},{"@type":"BreadcrumbList","@id":"https:\/\/primeaero.at\/de\/support-training-services\/#breadcrumb","itemListElement":[{"@type":"ListItem","position":1,"name":"Home","item":"https:\/\/primeaero.at\/"},{"@type":"ListItem","position":2,"name":"Support, Training &#038; Services"}]},{"@type":"WebSite","@id":"https:\/\/primeaero.at\/#website","url":"https:\/\/primeaero.at\/","name":"TECHNIA (PRIME aerostructures)","description":"Engineering Ideas","publisher":{"@id":"https:\/\/primeaero.at\/#organization"},"potentialAction":[{"@type":"SearchAction","target":{"@type":"EntryPoint","urlTemplate":"https:\/\/primeaero.at\/?s={search_term_string}"},"query-input":{"@type":"PropertyValueSpecification","valueRequired":true,"valueName":"search_term_string"}}],"inLanguage":"de"},{"@type":"Organization","@id":"https:\/\/primeaero.at\/#organization","name":"TECHNIA (PRIME aerostructures)","url":"https:\/\/primeaero.at\/","logo":{"@type":"ImageObject","inLanguage":"de","@id":"https:\/\/primeaero.at\/#\/schema\/logo\/image\/","url":"https:\/\/i0.wp.com\/primeaero.at\/wp-content\/uploads\/2025\/02\/cropped-Technia-logo-RGB-blue-pos-500space.png?fit=500%2C191&ssl=1","contentUrl":"https:\/\/i0.wp.com\/primeaero.at\/wp-content\/uploads\/2025\/02\/cropped-Technia-logo-RGB-blue-pos-500space.png?fit=500%2C191&ssl=1","width":500,"height":191,"caption":"TECHNIA (PRIME aerostructures)"},"image":{"@id":"https:\/\/primeaero.at\/#\/schema\/logo\/image\/"}}]}},"jetpack_likes_enabled":false,"jetpack_sharing_enabled":true,"jetpack_shortlink":"https:\/\/wp.me\/PbYMx3-Ha","amp_enabled":true,"_links":{"self":[{"href":"https:\/\/primeaero.at\/de\/wp-json\/wp\/v2\/pages\/2676","targetHints":{"allow":["GET"]}}],"collection":[{"href":"https:\/\/primeaero.at\/de\/wp-json\/wp\/v2\/pages"}],"about":[{"href":"https:\/\/primeaero.at\/de\/wp-json\/wp\/v2\/types\/page"}],"author":[{"embeddable":true,"href":"https:\/\/primeaero.at\/de\/wp-json\/wp\/v2\/users\/185605373"}],"replies":[{"embeddable":true,"href":"https:\/\/primeaero.at\/de\/wp-json\/wp\/v2\/comments?post=2676"}],"version-history":[{"count":33,"href":"https:\/\/primeaero.at\/de\/wp-json\/wp\/v2\/pages\/2676\/revisions"}],"predecessor-version":[{"id":10880,"href":"https:\/\/primeaero.at\/de\/wp-json\/wp\/v2\/pages\/2676\/revisions\/10880"}],"wp:featuredmedia":[{"embeddable":true,"href":"https:\/\/primeaero.at\/de\/wp-json\/wp\/v2\/media\/2511"}],"wp:attachment":[{"href":"https:\/\/primeaero.at\/de\/wp-json\/wp\/v2\/media?parent=2676"}],"wp:term":[{"taxonomy":"post_tag","embeddable":true,"href":"https:\/\/primeaero.at\/de\/wp-json\/wp\/v2\/tags?post=2676"}],"curies":[{"name":"wp","href":"https:\/\/api.w.org\/{rel}","templated":true}]}}