{"id":2447,"date":"2021-09-16T12:23:57","date_gmt":"2021-09-16T10:23:57","guid":{"rendered":"https:\/\/primeaero.at\/?page_id=2447"},"modified":"2025-02-04T12:05:09","modified_gmt":"2025-02-04T11:05:09","slug":"zertifizierung","status":"publish","type":"page","link":"https:\/\/primeaero.at\/de\/zertifizierung\/","title":{"rendered":"Zertifizierung"},"content":{"rendered":"\n<h4 class=\"wp-block-heading\"><strong>Hilfe bei der Erstellung des richtigen Zertifizierungsplans<\/strong><\/h4>\n\n\n\n<p class=\"wp-block-paragraph\">Wir unterst\u00fctzn unsere Kunden in allen Entwicklungsphasen durch die Erfassung des anforderungsorientierten Entwicklungsprozesses.<\/p>\n\n\n\n<p class=\"wp-block-paragraph\">TECHNIA (ehemals PRIME aerostructures) kann das Zertifizierungsmanagement f\u00fcr Ihr Projekt \u00fcbernehmen. Wir k\u00f6nnen einen projektspezifischen Zertifizierungsplan erstellen, der die Kommunikation und die Nachverfolgung von Probleme regelt, um so Zertifizierungsrisiken Ihres Programms von Beginn an zu minimieren und Vertrauen bei der Zertifizierungsstelle schafft.<\/p>\n\n\n\n<h5 class=\"wp-block-heading has-text-color\" style=\"color:#888888\">\u00dcBERPR\u00dcFUNG DER ANFORDERUNGEN<\/h5>\n\n\n\n<p class=\"wp-block-paragraph\">Der Prozess umfasst die Erf\u00fcllung der Standardanforderungen der zust\u00e4ndigen Beh\u00f6rden (FAA, EASA, nationale Beh\u00f6rden) der Luft- und Raumfahrt sowie kundenspezifische Anforderungen, die in einem projektrelevanten Anforderungssatz zusammengefasst werden.<\/p>\n\n\n\n<p class=\"wp-block-paragraph\">TECHNIA&#8217;s (ehemals PRIME\u2019s) Compliance Verification Engineers (CVE) erstellen alle erforderlichen Unterlagen und begleiten und unterst\u00fctzen den Kunden auch bei den Zertifizierungspr\u00fcfungsaktivit\u00e4ten.<\/p>\n","protected":false},"excerpt":{"rendered":"<p>Hilfe bei der Erstellung des richtigen Zertifizierungsplans Wir unterst\u00fctzn unsere Kunden in allen Entwicklungsphasen durch die Erfassung des anforderungsorientierten Entwicklungsprozesses. TECHNIA (ehemals PRIME aerostructures) kann das Zertifizierungsmanagement f\u00fcr Ihr Projekt \u00fcbernehmen. Wir k\u00f6nnen einen projektspezifischen Zertifizierungsplan erstellen, der die Kommunikation &hellip; <a href=\"https:\/\/primeaero.at\/de\/zertifizierung\/\" class=\"more-link\"><span class=\"screen-reader-text\">Zertifizierung<\/span> weiterlesen<\/a><\/p>\n","protected":false},"author":185605373,"featured_media":4321,"parent":0,"menu_order":0,"comment_status":"closed","ping_status":"closed","template":"","meta":{"_coblocks_attr":"","_coblocks_dimensions":"","_coblocks_responsive_height":"","_coblocks_accordion_ie_support":"","_crdt_document":"","footnotes":""},"tags":[2904],"class_list":["post-2447","page","type-page","status-publish","has-post-thumbnail","hentry","tag-certification-management"],"yoast_head":"<!-- This site is optimized with the Yoast SEO plugin v27.4 - https:\/\/yoast.com\/product\/yoast-seo-wordpress\/ -->\n<title>Zertifizierung - TECHNIA (PRIME aerostructures)<\/title>\n<meta name=\"robots\" content=\"index, follow, max-snippet:-1, max-image-preview:large, max-video-preview:-1\" \/>\n<link rel=\"canonical\" href=\"https:\/\/primeaero.at\/de\/zertifizierung\/\" \/>\n<meta property=\"og:locale\" content=\"de_DE\" \/>\n<meta property=\"og:type\" content=\"article\" \/>\n<meta property=\"og:title\" content=\"Zertifizierung - TECHNIA (PRIME aerostructures)\" \/>\n<meta property=\"og:description\" content=\"Hilfe bei der Erstellung des richtigen Zertifizierungsplans Wir unterst\u00fctzn unsere Kunden in allen Entwicklungsphasen durch die Erfassung des anforderungsorientierten Entwicklungsprozesses. TECHNIA (ehemals PRIME aerostructures) kann das Zertifizierungsmanagement f\u00fcr Ihr Projekt \u00fcbernehmen. Wir k\u00f6nnen einen projektspezifischen Zertifizierungsplan erstellen, der die Kommunikation &hellip;\" \/>\n<meta property=\"og:url\" content=\"https:\/\/primeaero.at\/de\/zertifizierung\/\" \/>\n<meta property=\"og:site_name\" content=\"TECHNIA (PRIME aerostructures)\" \/>\n<meta property=\"article:modified_time\" content=\"2025-02-04T11:05:09+00:00\" \/>\n<meta property=\"og:image\" content=\"https:\/\/primeaero.at\/wp-content\/uploads\/2023\/05\/Certification_Subpage_Banner.jpg\" \/>\n\t<meta property=\"og:image:width\" content=\"1920\" \/>\n\t<meta property=\"og:image:height\" content=\"525\" \/>\n\t<meta property=\"og:image:type\" content=\"image\/jpeg\" \/>\n<meta name=\"twitter:card\" content=\"summary_large_image\" \/>\n<meta name=\"twitter:label1\" content=\"Gesch\u00e4tzte Lesezeit\" \/>\n\t<meta name=\"twitter:data1\" content=\"1\u00a0Minute\" \/>\n<script type=\"application\/ld+json\" class=\"yoast-schema-graph\">{\"@context\":\"https:\\\/\\\/schema.org\",\"@graph\":[{\"@type\":\"WebPage\",\"@id\":\"https:\\\/\\\/primeaero.at\\\/de\\\/zertifizierung\\\/\",\"url\":\"https:\\\/\\\/primeaero.at\\\/de\\\/zertifizierung\\\/\",\"name\":\"Zertifizierung - TECHNIA (PRIME aerostructures)\",\"isPartOf\":{\"@id\":\"https:\\\/\\\/primeaero.at\\\/#website\"},\"primaryImageOfPage\":{\"@id\":\"https:\\\/\\\/primeaero.at\\\/de\\\/zertifizierung\\\/#primaryimage\"},\"image\":{\"@id\":\"https:\\\/\\\/primeaero.at\\\/de\\\/zertifizierung\\\/#primaryimage\"},\"thumbnailUrl\":\"https:\\\/\\\/i0.wp.com\\\/primeaero.at\\\/wp-content\\\/uploads\\\/2023\\\/05\\\/Certification_Subpage_Banner.jpg?fit=1920%2C525&ssl=1\",\"datePublished\":\"2021-09-16T10:23:57+00:00\",\"dateModified\":\"2025-02-04T11:05:09+00:00\",\"breadcrumb\":{\"@id\":\"https:\\\/\\\/primeaero.at\\\/de\\\/zertifizierung\\\/#breadcrumb\"},\"inLanguage\":\"de\",\"potentialAction\":[{\"@type\":\"ReadAction\",\"target\":[\"https:\\\/\\\/primeaero.at\\\/de\\\/zertifizierung\\\/\"]}]},{\"@type\":\"ImageObject\",\"inLanguage\":\"de\",\"@id\":\"https:\\\/\\\/primeaero.at\\\/de\\\/zertifizierung\\\/#primaryimage\",\"url\":\"https:\\\/\\\/i0.wp.com\\\/primeaero.at\\\/wp-content\\\/uploads\\\/2023\\\/05\\\/Certification_Subpage_Banner.jpg?fit=1920%2C525&ssl=1\",\"contentUrl\":\"https:\\\/\\\/i0.wp.com\\\/primeaero.at\\\/wp-content\\\/uploads\\\/2023\\\/05\\\/Certification_Subpage_Banner.jpg?fit=1920%2C525&ssl=1\",\"width\":1920,\"height\":525,\"caption\":\"Certification\"},{\"@type\":\"BreadcrumbList\",\"@id\":\"https:\\\/\\\/primeaero.at\\\/de\\\/zertifizierung\\\/#breadcrumb\",\"itemListElement\":[{\"@type\":\"ListItem\",\"position\":1,\"name\":\"Home\",\"item\":\"https:\\\/\\\/primeaero.at\\\/\"},{\"@type\":\"ListItem\",\"position\":2,\"name\":\"Zertifizierung\"}]},{\"@type\":\"WebSite\",\"@id\":\"https:\\\/\\\/primeaero.at\\\/#website\",\"url\":\"https:\\\/\\\/primeaero.at\\\/\",\"name\":\"TECHNIA (PRIME aerostructures)\",\"description\":\"Engineering Ideas\",\"publisher\":{\"@id\":\"https:\\\/\\\/primeaero.at\\\/#organization\"},\"potentialAction\":[{\"@type\":\"SearchAction\",\"target\":{\"@type\":\"EntryPoint\",\"urlTemplate\":\"https:\\\/\\\/primeaero.at\\\/?s={search_term_string}\"},\"query-input\":{\"@type\":\"PropertyValueSpecification\",\"valueRequired\":true,\"valueName\":\"search_term_string\"}}],\"inLanguage\":\"de\"},{\"@type\":\"Organization\",\"@id\":\"https:\\\/\\\/primeaero.at\\\/#organization\",\"name\":\"TECHNIA (PRIME aerostructures)\",\"url\":\"https:\\\/\\\/primeaero.at\\\/\",\"logo\":{\"@type\":\"ImageObject\",\"inLanguage\":\"de\",\"@id\":\"https:\\\/\\\/primeaero.at\\\/#\\\/schema\\\/logo\\\/image\\\/\",\"url\":\"https:\\\/\\\/i0.wp.com\\\/primeaero.at\\\/wp-content\\\/uploads\\\/2025\\\/02\\\/cropped-Technia-logo-RGB-blue-pos-500space.png?fit=500%2C191&ssl=1\",\"contentUrl\":\"https:\\\/\\\/i0.wp.com\\\/primeaero.at\\\/wp-content\\\/uploads\\\/2025\\\/02\\\/cropped-Technia-logo-RGB-blue-pos-500space.png?fit=500%2C191&ssl=1\",\"width\":500,\"height\":191,\"caption\":\"TECHNIA (PRIME aerostructures)\"},\"image\":{\"@id\":\"https:\\\/\\\/primeaero.at\\\/#\\\/schema\\\/logo\\\/image\\\/\"}}]}<\/script>\n<!-- \/ Yoast SEO plugin. -->","yoast_head_json":{"title":"Zertifizierung - TECHNIA (PRIME aerostructures)","robots":{"index":"index","follow":"follow","max-snippet":"max-snippet:-1","max-image-preview":"max-image-preview:large","max-video-preview":"max-video-preview:-1"},"canonical":"https:\/\/primeaero.at\/de\/zertifizierung\/","og_locale":"de_DE","og_type":"article","og_title":"Zertifizierung - TECHNIA (PRIME aerostructures)","og_description":"Hilfe bei der Erstellung des richtigen Zertifizierungsplans Wir unterst\u00fctzn unsere Kunden in allen Entwicklungsphasen durch die Erfassung des anforderungsorientierten Entwicklungsprozesses. TECHNIA (ehemals PRIME aerostructures) kann das Zertifizierungsmanagement f\u00fcr Ihr Projekt \u00fcbernehmen. Wir k\u00f6nnen einen projektspezifischen Zertifizierungsplan erstellen, der die Kommunikation &hellip;","og_url":"https:\/\/primeaero.at\/de\/zertifizierung\/","og_site_name":"TECHNIA (PRIME aerostructures)","article_modified_time":"2025-02-04T11:05:09+00:00","og_image":[{"width":1920,"height":525,"url":"https:\/\/primeaero.at\/wp-content\/uploads\/2023\/05\/Certification_Subpage_Banner.jpg","type":"image\/jpeg"}],"twitter_card":"summary_large_image","twitter_misc":{"Gesch\u00e4tzte Lesezeit":"1\u00a0Minute"},"schema":{"@context":"https:\/\/schema.org","@graph":[{"@type":"WebPage","@id":"https:\/\/primeaero.at\/de\/zertifizierung\/","url":"https:\/\/primeaero.at\/de\/zertifizierung\/","name":"Zertifizierung - TECHNIA (PRIME aerostructures)","isPartOf":{"@id":"https:\/\/primeaero.at\/#website"},"primaryImageOfPage":{"@id":"https:\/\/primeaero.at\/de\/zertifizierung\/#primaryimage"},"image":{"@id":"https:\/\/primeaero.at\/de\/zertifizierung\/#primaryimage"},"thumbnailUrl":"https:\/\/i0.wp.com\/primeaero.at\/wp-content\/uploads\/2023\/05\/Certification_Subpage_Banner.jpg?fit=1920%2C525&ssl=1","datePublished":"2021-09-16T10:23:57+00:00","dateModified":"2025-02-04T11:05:09+00:00","breadcrumb":{"@id":"https:\/\/primeaero.at\/de\/zertifizierung\/#breadcrumb"},"inLanguage":"de","potentialAction":[{"@type":"ReadAction","target":["https:\/\/primeaero.at\/de\/zertifizierung\/"]}]},{"@type":"ImageObject","inLanguage":"de","@id":"https:\/\/primeaero.at\/de\/zertifizierung\/#primaryimage","url":"https:\/\/i0.wp.com\/primeaero.at\/wp-content\/uploads\/2023\/05\/Certification_Subpage_Banner.jpg?fit=1920%2C525&ssl=1","contentUrl":"https:\/\/i0.wp.com\/primeaero.at\/wp-content\/uploads\/2023\/05\/Certification_Subpage_Banner.jpg?fit=1920%2C525&ssl=1","width":1920,"height":525,"caption":"Certification"},{"@type":"BreadcrumbList","@id":"https:\/\/primeaero.at\/de\/zertifizierung\/#breadcrumb","itemListElement":[{"@type":"ListItem","position":1,"name":"Home","item":"https:\/\/primeaero.at\/"},{"@type":"ListItem","position":2,"name":"Zertifizierung"}]},{"@type":"WebSite","@id":"https:\/\/primeaero.at\/#website","url":"https:\/\/primeaero.at\/","name":"TECHNIA (PRIME aerostructures)","description":"Engineering Ideas","publisher":{"@id":"https:\/\/primeaero.at\/#organization"},"potentialAction":[{"@type":"SearchAction","target":{"@type":"EntryPoint","urlTemplate":"https:\/\/primeaero.at\/?s={search_term_string}"},"query-input":{"@type":"PropertyValueSpecification","valueRequired":true,"valueName":"search_term_string"}}],"inLanguage":"de"},{"@type":"Organization","@id":"https:\/\/primeaero.at\/#organization","name":"TECHNIA (PRIME aerostructures)","url":"https:\/\/primeaero.at\/","logo":{"@type":"ImageObject","inLanguage":"de","@id":"https:\/\/primeaero.at\/#\/schema\/logo\/image\/","url":"https:\/\/i0.wp.com\/primeaero.at\/wp-content\/uploads\/2025\/02\/cropped-Technia-logo-RGB-blue-pos-500space.png?fit=500%2C191&ssl=1","contentUrl":"https:\/\/i0.wp.com\/primeaero.at\/wp-content\/uploads\/2025\/02\/cropped-Technia-logo-RGB-blue-pos-500space.png?fit=500%2C191&ssl=1","width":500,"height":191,"caption":"TECHNIA (PRIME aerostructures)"},"image":{"@id":"https:\/\/primeaero.at\/#\/schema\/logo\/image\/"}}]}},"jetpack_likes_enabled":false,"jetpack_sharing_enabled":true,"jetpack_shortlink":"https:\/\/wp.me\/PbYMx3-Dt","amp_enabled":true,"_links":{"self":[{"href":"https:\/\/primeaero.at\/de\/wp-json\/wp\/v2\/pages\/2447","targetHints":{"allow":["GET"]}}],"collection":[{"href":"https:\/\/primeaero.at\/de\/wp-json\/wp\/v2\/pages"}],"about":[{"href":"https:\/\/primeaero.at\/de\/wp-json\/wp\/v2\/types\/page"}],"author":[{"embeddable":true,"href":"https:\/\/primeaero.at\/de\/wp-json\/wp\/v2\/users\/185605373"}],"replies":[{"embeddable":true,"href":"https:\/\/primeaero.at\/de\/wp-json\/wp\/v2\/comments?post=2447"}],"version-history":[{"count":8,"href":"https:\/\/primeaero.at\/de\/wp-json\/wp\/v2\/pages\/2447\/revisions"}],"predecessor-version":[{"id":10857,"href":"https:\/\/primeaero.at\/de\/wp-json\/wp\/v2\/pages\/2447\/revisions\/10857"}],"wp:featuredmedia":[{"embeddable":true,"href":"https:\/\/primeaero.at\/de\/wp-json\/wp\/v2\/media\/4321"}],"wp:attachment":[{"href":"https:\/\/primeaero.at\/de\/wp-json\/wp\/v2\/media?parent=2447"}],"wp:term":[{"taxonomy":"post_tag","embeddable":true,"href":"https:\/\/primeaero.at\/de\/wp-json\/wp\/v2\/tags?post=2447"}],"curies":[{"name":"wp","href":"https:\/\/api.w.org\/{rel}","templated":true}]}}