{"id":2435,"date":"2021-09-16T12:20:51","date_gmt":"2021-09-16T10:20:51","guid":{"rendered":"https:\/\/primeaero.at\/?page_id=2435"},"modified":"2022-05-17T12:27:21","modified_gmt":"2022-05-17T10:27:21","slug":"material-und-prozess","status":"publish","type":"page","link":"https:\/\/primeaero.at\/de\/material-und-prozess\/","title":{"rendered":"Materialen und Prozess"},"content":{"rendered":"\n<h4 class=\"wp-block-heading\"><strong>Auswahl der <\/strong><strong>richtigen Materialien f\u00fcr die richtige <\/strong><strong>Anwendung<\/strong><strong><\/strong><\/h4>\n\n\n\n<p class=\"wp-block-paragraph\">Wir bieten Dienstleistungen f\u00fcr die Auswahl, Qualifizierung und Zertifizierung von metallischen und nichtmetallischen Verbundwerkstoffen f\u00fcr Luft- und Raumfahrtanwendungen an.<\/p>\n\n\n\n<p class=\"wp-block-paragraph\">Mit unserem umfassenden Wissen \u00fcber Fertigungstechniken und die Eignung von Materialien f\u00fcr Luft- und Raumfahrtanwendungen, k\u00f6nnen wir unsere Kunden bei der Auswahl der richtigen Materialien f\u00fcr die richtige Anwendung sowie bei der Definition und Verbesserung des Herstellungsprozesses unterst\u00fctzen. Das gew\u00e4hlte Material und das Verfahren haben direkten Einfluss auf die eigentliche Konstrucktion des Bauteils und f\u00fchren somit auch zu den damit verbundenen Kosten, die wir entsprechend den Bed\u00fcrfnissen des Kundenoptimieren. So k\u00f6nnnen wir sie an die Bed\u00fcrfnisse des Kunden optoptimieren.<\/p>\n","protected":false},"excerpt":{"rendered":"<p>Auswahl der richtigen Materialien f\u00fcr die richtige Anwendung Wir bieten Dienstleistungen f\u00fcr die Auswahl, Qualifizierung und Zertifizierung von metallischen und nichtmetallischen Verbundwerkstoffen f\u00fcr Luft- und Raumfahrtanwendungen an. Mit unserem umfassenden Wissen \u00fcber Fertigungstechniken und die Eignung von Materialien f\u00fcr Luft- &hellip; <a href=\"https:\/\/primeaero.at\/de\/material-und-prozess\/\" class=\"more-link\"><span class=\"screen-reader-text\">Materialen und Prozess<\/span> weiterlesen<\/a><\/p>\n","protected":false},"author":185605373,"featured_media":2440,"parent":0,"menu_order":0,"comment_status":"closed","ping_status":"closed","template":"","meta":{"_coblocks_attr":"","_coblocks_dimensions":"","_coblocks_responsive_height":"","_coblocks_accordion_ie_support":"","_crdt_document":"","footnotes":""},"tags":[2739,2737,2907],"class_list":["post-2435","page","type-page","status-publish","has-post-thumbnail","hentry","tag-aerospace-and-defense","tag-engineering","tag-primeaerostructures"],"yoast_head":"<!-- This site is optimized with the Yoast SEO plugin v27.5 - https:\/\/yoast.com\/product\/yoast-seo-wordpress\/ -->\n<title>Materialen und Prozess - TECHNIA (PRIME aerostructures)<\/title>\n<meta name=\"robots\" content=\"index, follow, max-snippet:-1, max-image-preview:large, max-video-preview:-1\" \/>\n<link rel=\"canonical\" href=\"https:\/\/primeaero.at\/materials-process\/\" \/>\n<meta property=\"og:locale\" content=\"de_DE\" \/>\n<meta property=\"og:type\" content=\"article\" \/>\n<meta property=\"og:title\" content=\"Materialen und Prozess - TECHNIA (PRIME aerostructures)\" \/>\n<meta property=\"og:description\" content=\"Auswahl der richtigen Materialien f\u00fcr die richtige Anwendung Wir bieten Dienstleistungen f\u00fcr die Auswahl, Qualifizierung und Zertifizierung von metallischen und nichtmetallischen Verbundwerkstoffen f\u00fcr Luft- und Raumfahrtanwendungen an. Mit unserem umfassenden Wissen \u00fcber Fertigungstechniken und die Eignung von Materialien f\u00fcr Luft- &hellip;\" \/>\n<meta property=\"og:url\" content=\"https:\/\/primeaero.at\/materials-process\/\" \/>\n<meta property=\"og:site_name\" content=\"TECHNIA (PRIME aerostructures)\" \/>\n<meta property=\"article:modified_time\" content=\"2022-05-17T10:27:21+00:00\" \/>\n<meta property=\"og:image\" content=\"https:\/\/i0.wp.com\/primeaero.at\/wp-content\/uploads\/2021\/04\/Metall-1920x525-bw.jpg?fit=1920%2C525&ssl=1\" \/>\n\t<meta property=\"og:image:width\" content=\"1920\" \/>\n\t<meta property=\"og:image:height\" content=\"525\" \/>\n\t<meta property=\"og:image:type\" content=\"image\/jpeg\" \/>\n<meta name=\"twitter:card\" content=\"summary_large_image\" \/>\n<meta name=\"twitter:label1\" content=\"Gesch\u00e4tzte Lesezeit\" \/>\n\t<meta name=\"twitter:data1\" content=\"1\u00a0Minute\" \/>\n<script type=\"application\/ld+json\" class=\"yoast-schema-graph\">{\"@context\":\"https:\\\/\\\/schema.org\",\"@graph\":[{\"@type\":\"WebPage\",\"@id\":\"https:\\\/\\\/primeaero.at\\\/materials-process\\\/\",\"url\":\"https:\\\/\\\/primeaero.at\\\/materials-process\\\/\",\"name\":\"Materialen und Prozess - TECHNIA (PRIME aerostructures)\",\"isPartOf\":{\"@id\":\"https:\\\/\\\/primeaero.at\\\/#website\"},\"primaryImageOfPage\":{\"@id\":\"https:\\\/\\\/primeaero.at\\\/materials-process\\\/#primaryimage\"},\"image\":{\"@id\":\"https:\\\/\\\/primeaero.at\\\/materials-process\\\/#primaryimage\"},\"thumbnailUrl\":\"https:\\\/\\\/i0.wp.com\\\/primeaero.at\\\/wp-content\\\/uploads\\\/2021\\\/04\\\/Metall-1920x525-bw.jpg?fit=1920%2C525&ssl=1\",\"datePublished\":\"2021-09-16T10:20:51+00:00\",\"dateModified\":\"2022-05-17T10:27:21+00:00\",\"breadcrumb\":{\"@id\":\"https:\\\/\\\/primeaero.at\\\/materials-process\\\/#breadcrumb\"},\"inLanguage\":\"de\",\"potentialAction\":[{\"@type\":\"ReadAction\",\"target\":[\"https:\\\/\\\/primeaero.at\\\/materials-process\\\/\"]}]},{\"@type\":\"ImageObject\",\"inLanguage\":\"de\",\"@id\":\"https:\\\/\\\/primeaero.at\\\/materials-process\\\/#primaryimage\",\"url\":\"https:\\\/\\\/i0.wp.com\\\/primeaero.at\\\/wp-content\\\/uploads\\\/2021\\\/04\\\/Metall-1920x525-bw.jpg?fit=1920%2C525&ssl=1\",\"contentUrl\":\"https:\\\/\\\/i0.wp.com\\\/primeaero.at\\\/wp-content\\\/uploads\\\/2021\\\/04\\\/Metall-1920x525-bw.jpg?fit=1920%2C525&ssl=1\",\"width\":1920,\"height\":525},{\"@type\":\"BreadcrumbList\",\"@id\":\"https:\\\/\\\/primeaero.at\\\/materials-process\\\/#breadcrumb\",\"itemListElement\":[{\"@type\":\"ListItem\",\"position\":1,\"name\":\"Home\",\"item\":\"https:\\\/\\\/primeaero.at\\\/\"},{\"@type\":\"ListItem\",\"position\":2,\"name\":\"Materialen und Prozess\"}]},{\"@type\":\"WebSite\",\"@id\":\"https:\\\/\\\/primeaero.at\\\/#website\",\"url\":\"https:\\\/\\\/primeaero.at\\\/\",\"name\":\"TECHNIA (PRIME aerostructures)\",\"description\":\"Engineering Ideas\",\"publisher\":{\"@id\":\"https:\\\/\\\/primeaero.at\\\/#organization\"},\"potentialAction\":[{\"@type\":\"SearchAction\",\"target\":{\"@type\":\"EntryPoint\",\"urlTemplate\":\"https:\\\/\\\/primeaero.at\\\/?s={search_term_string}\"},\"query-input\":{\"@type\":\"PropertyValueSpecification\",\"valueRequired\":true,\"valueName\":\"search_term_string\"}}],\"inLanguage\":\"de\"},{\"@type\":\"Organization\",\"@id\":\"https:\\\/\\\/primeaero.at\\\/#organization\",\"name\":\"TECHNIA (PRIME aerostructures)\",\"url\":\"https:\\\/\\\/primeaero.at\\\/\",\"logo\":{\"@type\":\"ImageObject\",\"inLanguage\":\"de\",\"@id\":\"https:\\\/\\\/primeaero.at\\\/#\\\/schema\\\/logo\\\/image\\\/\",\"url\":\"https:\\\/\\\/i0.wp.com\\\/primeaero.at\\\/wp-content\\\/uploads\\\/2025\\\/02\\\/cropped-Technia-logo-RGB-blue-pos-500space.png?fit=500%2C191&ssl=1\",\"contentUrl\":\"https:\\\/\\\/i0.wp.com\\\/primeaero.at\\\/wp-content\\\/uploads\\\/2025\\\/02\\\/cropped-Technia-logo-RGB-blue-pos-500space.png?fit=500%2C191&ssl=1\",\"width\":500,\"height\":191,\"caption\":\"TECHNIA (PRIME aerostructures)\"},\"image\":{\"@id\":\"https:\\\/\\\/primeaero.at\\\/#\\\/schema\\\/logo\\\/image\\\/\"}}]}<\/script>\n<!-- \/ Yoast SEO plugin. -->","yoast_head_json":{"title":"Materialen und Prozess - TECHNIA (PRIME aerostructures)","robots":{"index":"index","follow":"follow","max-snippet":"max-snippet:-1","max-image-preview":"max-image-preview:large","max-video-preview":"max-video-preview:-1"},"canonical":"https:\/\/primeaero.at\/materials-process\/","og_locale":"de_DE","og_type":"article","og_title":"Materialen und Prozess - TECHNIA (PRIME aerostructures)","og_description":"Auswahl der richtigen Materialien f\u00fcr die richtige Anwendung Wir bieten Dienstleistungen f\u00fcr die Auswahl, Qualifizierung und Zertifizierung von metallischen und nichtmetallischen Verbundwerkstoffen f\u00fcr Luft- und Raumfahrtanwendungen an. Mit unserem umfassenden Wissen \u00fcber Fertigungstechniken und die Eignung von Materialien f\u00fcr Luft- &hellip;","og_url":"https:\/\/primeaero.at\/materials-process\/","og_site_name":"TECHNIA (PRIME aerostructures)","article_modified_time":"2022-05-17T10:27:21+00:00","og_image":[{"width":1920,"height":525,"url":"https:\/\/i0.wp.com\/primeaero.at\/wp-content\/uploads\/2021\/04\/Metall-1920x525-bw.jpg?fit=1920%2C525&ssl=1","type":"image\/jpeg"}],"twitter_card":"summary_large_image","twitter_misc":{"Gesch\u00e4tzte Lesezeit":"1\u00a0Minute"},"schema":{"@context":"https:\/\/schema.org","@graph":[{"@type":"WebPage","@id":"https:\/\/primeaero.at\/materials-process\/","url":"https:\/\/primeaero.at\/materials-process\/","name":"Materialen und Prozess - TECHNIA (PRIME aerostructures)","isPartOf":{"@id":"https:\/\/primeaero.at\/#website"},"primaryImageOfPage":{"@id":"https:\/\/primeaero.at\/materials-process\/#primaryimage"},"image":{"@id":"https:\/\/primeaero.at\/materials-process\/#primaryimage"},"thumbnailUrl":"https:\/\/i0.wp.com\/primeaero.at\/wp-content\/uploads\/2021\/04\/Metall-1920x525-bw.jpg?fit=1920%2C525&ssl=1","datePublished":"2021-09-16T10:20:51+00:00","dateModified":"2022-05-17T10:27:21+00:00","breadcrumb":{"@id":"https:\/\/primeaero.at\/materials-process\/#breadcrumb"},"inLanguage":"de","potentialAction":[{"@type":"ReadAction","target":["https:\/\/primeaero.at\/materials-process\/"]}]},{"@type":"ImageObject","inLanguage":"de","@id":"https:\/\/primeaero.at\/materials-process\/#primaryimage","url":"https:\/\/i0.wp.com\/primeaero.at\/wp-content\/uploads\/2021\/04\/Metall-1920x525-bw.jpg?fit=1920%2C525&ssl=1","contentUrl":"https:\/\/i0.wp.com\/primeaero.at\/wp-content\/uploads\/2021\/04\/Metall-1920x525-bw.jpg?fit=1920%2C525&ssl=1","width":1920,"height":525},{"@type":"BreadcrumbList","@id":"https:\/\/primeaero.at\/materials-process\/#breadcrumb","itemListElement":[{"@type":"ListItem","position":1,"name":"Home","item":"https:\/\/primeaero.at\/"},{"@type":"ListItem","position":2,"name":"Materialen und Prozess"}]},{"@type":"WebSite","@id":"https:\/\/primeaero.at\/#website","url":"https:\/\/primeaero.at\/","name":"TECHNIA (PRIME aerostructures)","description":"Engineering Ideas","publisher":{"@id":"https:\/\/primeaero.at\/#organization"},"potentialAction":[{"@type":"SearchAction","target":{"@type":"EntryPoint","urlTemplate":"https:\/\/primeaero.at\/?s={search_term_string}"},"query-input":{"@type":"PropertyValueSpecification","valueRequired":true,"valueName":"search_term_string"}}],"inLanguage":"de"},{"@type":"Organization","@id":"https:\/\/primeaero.at\/#organization","name":"TECHNIA (PRIME aerostructures)","url":"https:\/\/primeaero.at\/","logo":{"@type":"ImageObject","inLanguage":"de","@id":"https:\/\/primeaero.at\/#\/schema\/logo\/image\/","url":"https:\/\/i0.wp.com\/primeaero.at\/wp-content\/uploads\/2025\/02\/cropped-Technia-logo-RGB-blue-pos-500space.png?fit=500%2C191&ssl=1","contentUrl":"https:\/\/i0.wp.com\/primeaero.at\/wp-content\/uploads\/2025\/02\/cropped-Technia-logo-RGB-blue-pos-500space.png?fit=500%2C191&ssl=1","width":500,"height":191,"caption":"TECHNIA (PRIME aerostructures)"},"image":{"@id":"https:\/\/primeaero.at\/#\/schema\/logo\/image\/"}}]}},"jetpack_likes_enabled":false,"jetpack_sharing_enabled":true,"jetpack_shortlink":"https:\/\/wp.me\/PbYMx3-Dh","amp_enabled":true,"_links":{"self":[{"href":"https:\/\/primeaero.at\/de\/wp-json\/wp\/v2\/pages\/2435","targetHints":{"allow":["GET"]}}],"collection":[{"href":"https:\/\/primeaero.at\/de\/wp-json\/wp\/v2\/pages"}],"about":[{"href":"https:\/\/primeaero.at\/de\/wp-json\/wp\/v2\/types\/page"}],"author":[{"embeddable":true,"href":"https:\/\/primeaero.at\/de\/wp-json\/wp\/v2\/users\/185605373"}],"replies":[{"embeddable":true,"href":"https:\/\/primeaero.at\/de\/wp-json\/wp\/v2\/comments?post=2435"}],"version-history":[{"count":3,"href":"https:\/\/primeaero.at\/de\/wp-json\/wp\/v2\/pages\/2435\/revisions"}],"predecessor-version":[{"id":2659,"href":"https:\/\/primeaero.at\/de\/wp-json\/wp\/v2\/pages\/2435\/revisions\/2659"}],"wp:featuredmedia":[{"embeddable":true,"href":"https:\/\/primeaero.at\/de\/wp-json\/wp\/v2\/media\/2440"}],"wp:attachment":[{"href":"https:\/\/primeaero.at\/de\/wp-json\/wp\/v2\/media?parent=2435"}],"wp:term":[{"taxonomy":"post_tag","embeddable":true,"href":"https:\/\/primeaero.at\/de\/wp-json\/wp\/v2\/tags?post=2435"}],"curies":[{"name":"wp","href":"https:\/\/api.w.org\/{rel}","templated":true}]}}