{"id":2420,"date":"2020-06-09T10:13:27","date_gmt":"2020-06-09T08:13:27","guid":{"rendered":"https:\/\/primeaero.at\/?page_id=2420"},"modified":"2025-02-04T12:00:53","modified_gmt":"2025-02-04T11:00:53","slug":"engineering-ideen-2","status":"publish","type":"page","link":"https:\/\/primeaero.at\/de\/engineering-ideen-2\/","title":{"rendered":"Engineering Ideas"},"content":{"rendered":"\n<h4 class=\"wp-block-heading\"><strong>Modernste Ingenieurdienstleistungen<\/strong><strong><\/strong><\/h4>\n\n\n\n<p class=\"wp-block-paragraph\">TECHNIA (former PRIME) bietet modernste Ingenieurdienstleistungen f\u00fcr die Luft- und Raumfahrtindustrie in den Bereichen Design und Analyse sowie Methodenentwicklung (Beratung) an. Um eine l\u00fcckenlose Zusammenarbeit mit unseren Kunden zu gew\u00e4hrleisten, werden branchen\u00fcbliche Design- und die Analysetools f\u00fcr den Produktlebenszyklus eingesetzt.<\/p>\n\n\n\n<p class=\"wp-block-paragraph\">Projektmanagement ist unsere Kernkompetenz und wir legen viel Wert auf eine klare und regelm\u00e4\u00dfige Kommunikation mit den technischen und kaufm\u00e4nnischen Kontakten unserer Kunden.<\/p>\n\n\n\n<blockquote class=\"wp-block-quote is-style-default is-layout-flow wp-block-quote-is-layout-flow\" style=\"color:#888888\">\n<p class=\"wp-block-paragraph\">\u201cPRIME aerostructures bietet modernste Ingenieurdienstleistungen f\u00fcr die Luft- und Raumfahrtindustrie.\u201d<\/p>\n<cite>&#8211;Roland Zeillinger, CEO<\/cite><\/blockquote>\n","protected":false},"excerpt":{"rendered":"<p>Modernste Ingenieurdienstleistungen TECHNIA (former PRIME) bietet modernste Ingenieurdienstleistungen f\u00fcr die Luft- und Raumfahrtindustrie in den Bereichen Design und Analyse sowie Methodenentwicklung (Beratung) an. Um eine l\u00fcckenlose Zusammenarbeit mit unseren Kunden zu gew\u00e4hrleisten, werden branchen\u00fcbliche Design- und die Analysetools f\u00fcr den &hellip; <a href=\"https:\/\/primeaero.at\/de\/engineering-ideen-2\/\" class=\"more-link\"><span class=\"screen-reader-text\">Engineering Ideas<\/span> weiterlesen<\/a><\/p>\n","protected":false},"author":185605373,"featured_media":2424,"parent":0,"menu_order":0,"comment_status":"closed","ping_status":"closed","template":"","meta":{"_coblocks_attr":"","_coblocks_dimensions":"","_coblocks_responsive_height":"","_coblocks_accordion_ie_support":"","_crdt_document":"","footnotes":""},"tags":[2721],"class_list":["post-2420","page","type-page","status-publish","has-post-thumbnail","hentry","tag-featured"],"yoast_head":"<!-- This site is optimized with the Yoast SEO plugin v27.5 - https:\/\/yoast.com\/product\/yoast-seo-wordpress\/ -->\n<title>Engineering Ideas - TECHNIA (PRIME aerostructures)<\/title>\n<meta name=\"robots\" content=\"index, follow, max-snippet:-1, max-image-preview:large, max-video-preview:-1\" \/>\n<link rel=\"canonical\" href=\"https:\/\/primeaero.at\/de\/engineering-ideen-2\/\" \/>\n<meta property=\"og:locale\" content=\"de_DE\" \/>\n<meta property=\"og:type\" content=\"article\" \/>\n<meta property=\"og:title\" content=\"Engineering Ideas - TECHNIA (PRIME aerostructures)\" \/>\n<meta property=\"og:description\" content=\"Modernste Ingenieurdienstleistungen TECHNIA (former PRIME) bietet modernste Ingenieurdienstleistungen f\u00fcr die Luft- und Raumfahrtindustrie in den Bereichen Design und Analyse sowie Methodenentwicklung (Beratung) an. Um eine l\u00fcckenlose Zusammenarbeit mit unseren Kunden zu gew\u00e4hrleisten, werden branchen\u00fcbliche Design- und die Analysetools f\u00fcr den &hellip;\" \/>\n<meta property=\"og:url\" content=\"https:\/\/primeaero.at\/de\/engineering-ideen-2\/\" \/>\n<meta property=\"og:site_name\" content=\"TECHNIA (PRIME aerostructures)\" \/>\n<meta property=\"article:modified_time\" content=\"2025-02-04T11:00:53+00:00\" \/>\n<meta property=\"og:image\" content=\"https:\/\/primeaero.at\/wp-content\/uploads\/2021\/04\/65872-DA42-1920x525-bw.jpg\" \/>\n\t<meta property=\"og:image:width\" content=\"1920\" \/>\n\t<meta property=\"og:image:height\" content=\"525\" \/>\n\t<meta property=\"og:image:type\" content=\"image\/jpeg\" \/>\n<meta name=\"twitter:card\" content=\"summary_large_image\" \/>\n<meta name=\"twitter:label1\" content=\"Gesch\u00e4tzte Lesezeit\" \/>\n\t<meta name=\"twitter:data1\" content=\"1\u00a0Minute\" \/>\n<script type=\"application\/ld+json\" class=\"yoast-schema-graph\">{\"@context\":\"https:\\\/\\\/schema.org\",\"@graph\":[{\"@type\":\"WebPage\",\"@id\":\"https:\\\/\\\/primeaero.at\\\/de\\\/engineering-ideen-2\\\/\",\"url\":\"https:\\\/\\\/primeaero.at\\\/de\\\/engineering-ideen-2\\\/\",\"name\":\"Engineering Ideas - TECHNIA (PRIME aerostructures)\",\"isPartOf\":{\"@id\":\"https:\\\/\\\/primeaero.at\\\/#website\"},\"primaryImageOfPage\":{\"@id\":\"https:\\\/\\\/primeaero.at\\\/de\\\/engineering-ideen-2\\\/#primaryimage\"},\"image\":{\"@id\":\"https:\\\/\\\/primeaero.at\\\/de\\\/engineering-ideen-2\\\/#primaryimage\"},\"thumbnailUrl\":\"https:\\\/\\\/i0.wp.com\\\/primeaero.at\\\/wp-content\\\/uploads\\\/2021\\\/04\\\/65872-DA42-1920x525-bw.jpg?fit=1920%2C525&ssl=1\",\"datePublished\":\"2020-06-09T08:13:27+00:00\",\"dateModified\":\"2025-02-04T11:00:53+00:00\",\"breadcrumb\":{\"@id\":\"https:\\\/\\\/primeaero.at\\\/de\\\/engineering-ideen-2\\\/#breadcrumb\"},\"inLanguage\":\"de\",\"potentialAction\":[{\"@type\":\"ReadAction\",\"target\":[\"https:\\\/\\\/primeaero.at\\\/de\\\/engineering-ideen-2\\\/\"]}]},{\"@type\":\"ImageObject\",\"inLanguage\":\"de\",\"@id\":\"https:\\\/\\\/primeaero.at\\\/de\\\/engineering-ideen-2\\\/#primaryimage\",\"url\":\"https:\\\/\\\/i0.wp.com\\\/primeaero.at\\\/wp-content\\\/uploads\\\/2021\\\/04\\\/65872-DA42-1920x525-bw.jpg?fit=1920%2C525&ssl=1\",\"contentUrl\":\"https:\\\/\\\/i0.wp.com\\\/primeaero.at\\\/wp-content\\\/uploads\\\/2021\\\/04\\\/65872-DA42-1920x525-bw.jpg?fit=1920%2C525&ssl=1\",\"width\":1920,\"height\":525},{\"@type\":\"BreadcrumbList\",\"@id\":\"https:\\\/\\\/primeaero.at\\\/de\\\/engineering-ideen-2\\\/#breadcrumb\",\"itemListElement\":[{\"@type\":\"ListItem\",\"position\":1,\"name\":\"Home\",\"item\":\"https:\\\/\\\/primeaero.at\\\/\"},{\"@type\":\"ListItem\",\"position\":2,\"name\":\"Engineering Ideas\"}]},{\"@type\":\"WebSite\",\"@id\":\"https:\\\/\\\/primeaero.at\\\/#website\",\"url\":\"https:\\\/\\\/primeaero.at\\\/\",\"name\":\"TECHNIA (PRIME aerostructures)\",\"description\":\"Engineering Ideas\",\"publisher\":{\"@id\":\"https:\\\/\\\/primeaero.at\\\/#organization\"},\"potentialAction\":[{\"@type\":\"SearchAction\",\"target\":{\"@type\":\"EntryPoint\",\"urlTemplate\":\"https:\\\/\\\/primeaero.at\\\/?s={search_term_string}\"},\"query-input\":{\"@type\":\"PropertyValueSpecification\",\"valueRequired\":true,\"valueName\":\"search_term_string\"}}],\"inLanguage\":\"de\"},{\"@type\":\"Organization\",\"@id\":\"https:\\\/\\\/primeaero.at\\\/#organization\",\"name\":\"TECHNIA (PRIME aerostructures)\",\"url\":\"https:\\\/\\\/primeaero.at\\\/\",\"logo\":{\"@type\":\"ImageObject\",\"inLanguage\":\"de\",\"@id\":\"https:\\\/\\\/primeaero.at\\\/#\\\/schema\\\/logo\\\/image\\\/\",\"url\":\"https:\\\/\\\/i0.wp.com\\\/primeaero.at\\\/wp-content\\\/uploads\\\/2025\\\/02\\\/cropped-Technia-logo-RGB-blue-pos-500space.png?fit=500%2C191&ssl=1\",\"contentUrl\":\"https:\\\/\\\/i0.wp.com\\\/primeaero.at\\\/wp-content\\\/uploads\\\/2025\\\/02\\\/cropped-Technia-logo-RGB-blue-pos-500space.png?fit=500%2C191&ssl=1\",\"width\":500,\"height\":191,\"caption\":\"TECHNIA (PRIME aerostructures)\"},\"image\":{\"@id\":\"https:\\\/\\\/primeaero.at\\\/#\\\/schema\\\/logo\\\/image\\\/\"}}]}<\/script>\n<!-- \/ Yoast SEO plugin. -->","yoast_head_json":{"title":"Engineering Ideas - TECHNIA (PRIME aerostructures)","robots":{"index":"index","follow":"follow","max-snippet":"max-snippet:-1","max-image-preview":"max-image-preview:large","max-video-preview":"max-video-preview:-1"},"canonical":"https:\/\/primeaero.at\/de\/engineering-ideen-2\/","og_locale":"de_DE","og_type":"article","og_title":"Engineering Ideas - TECHNIA (PRIME aerostructures)","og_description":"Modernste Ingenieurdienstleistungen TECHNIA (former PRIME) bietet modernste Ingenieurdienstleistungen f\u00fcr die Luft- und Raumfahrtindustrie in den Bereichen Design und Analyse sowie Methodenentwicklung (Beratung) an. Um eine l\u00fcckenlose Zusammenarbeit mit unseren Kunden zu gew\u00e4hrleisten, werden branchen\u00fcbliche Design- und die Analysetools f\u00fcr den &hellip;","og_url":"https:\/\/primeaero.at\/de\/engineering-ideen-2\/","og_site_name":"TECHNIA (PRIME aerostructures)","article_modified_time":"2025-02-04T11:00:53+00:00","og_image":[{"width":1920,"height":525,"url":"https:\/\/primeaero.at\/wp-content\/uploads\/2021\/04\/65872-DA42-1920x525-bw.jpg","type":"image\/jpeg"}],"twitter_card":"summary_large_image","twitter_misc":{"Gesch\u00e4tzte Lesezeit":"1\u00a0Minute"},"schema":{"@context":"https:\/\/schema.org","@graph":[{"@type":"WebPage","@id":"https:\/\/primeaero.at\/de\/engineering-ideen-2\/","url":"https:\/\/primeaero.at\/de\/engineering-ideen-2\/","name":"Engineering Ideas - TECHNIA (PRIME aerostructures)","isPartOf":{"@id":"https:\/\/primeaero.at\/#website"},"primaryImageOfPage":{"@id":"https:\/\/primeaero.at\/de\/engineering-ideen-2\/#primaryimage"},"image":{"@id":"https:\/\/primeaero.at\/de\/engineering-ideen-2\/#primaryimage"},"thumbnailUrl":"https:\/\/i0.wp.com\/primeaero.at\/wp-content\/uploads\/2021\/04\/65872-DA42-1920x525-bw.jpg?fit=1920%2C525&ssl=1","datePublished":"2020-06-09T08:13:27+00:00","dateModified":"2025-02-04T11:00:53+00:00","breadcrumb":{"@id":"https:\/\/primeaero.at\/de\/engineering-ideen-2\/#breadcrumb"},"inLanguage":"de","potentialAction":[{"@type":"ReadAction","target":["https:\/\/primeaero.at\/de\/engineering-ideen-2\/"]}]},{"@type":"ImageObject","inLanguage":"de","@id":"https:\/\/primeaero.at\/de\/engineering-ideen-2\/#primaryimage","url":"https:\/\/i0.wp.com\/primeaero.at\/wp-content\/uploads\/2021\/04\/65872-DA42-1920x525-bw.jpg?fit=1920%2C525&ssl=1","contentUrl":"https:\/\/i0.wp.com\/primeaero.at\/wp-content\/uploads\/2021\/04\/65872-DA42-1920x525-bw.jpg?fit=1920%2C525&ssl=1","width":1920,"height":525},{"@type":"BreadcrumbList","@id":"https:\/\/primeaero.at\/de\/engineering-ideen-2\/#breadcrumb","itemListElement":[{"@type":"ListItem","position":1,"name":"Home","item":"https:\/\/primeaero.at\/"},{"@type":"ListItem","position":2,"name":"Engineering Ideas"}]},{"@type":"WebSite","@id":"https:\/\/primeaero.at\/#website","url":"https:\/\/primeaero.at\/","name":"TECHNIA (PRIME aerostructures)","description":"Engineering Ideas","publisher":{"@id":"https:\/\/primeaero.at\/#organization"},"potentialAction":[{"@type":"SearchAction","target":{"@type":"EntryPoint","urlTemplate":"https:\/\/primeaero.at\/?s={search_term_string}"},"query-input":{"@type":"PropertyValueSpecification","valueRequired":true,"valueName":"search_term_string"}}],"inLanguage":"de"},{"@type":"Organization","@id":"https:\/\/primeaero.at\/#organization","name":"TECHNIA (PRIME aerostructures)","url":"https:\/\/primeaero.at\/","logo":{"@type":"ImageObject","inLanguage":"de","@id":"https:\/\/primeaero.at\/#\/schema\/logo\/image\/","url":"https:\/\/i0.wp.com\/primeaero.at\/wp-content\/uploads\/2025\/02\/cropped-Technia-logo-RGB-blue-pos-500space.png?fit=500%2C191&ssl=1","contentUrl":"https:\/\/i0.wp.com\/primeaero.at\/wp-content\/uploads\/2025\/02\/cropped-Technia-logo-RGB-blue-pos-500space.png?fit=500%2C191&ssl=1","width":500,"height":191,"caption":"TECHNIA (PRIME aerostructures)"},"image":{"@id":"https:\/\/primeaero.at\/#\/schema\/logo\/image\/"}}]}},"jetpack_likes_enabled":false,"jetpack_sharing_enabled":true,"jetpack_shortlink":"https:\/\/wp.me\/PbYMx3-D2","amp_enabled":true,"_links":{"self":[{"href":"https:\/\/primeaero.at\/de\/wp-json\/wp\/v2\/pages\/2420","targetHints":{"allow":["GET"]}}],"collection":[{"href":"https:\/\/primeaero.at\/de\/wp-json\/wp\/v2\/pages"}],"about":[{"href":"https:\/\/primeaero.at\/de\/wp-json\/wp\/v2\/types\/page"}],"author":[{"embeddable":true,"href":"https:\/\/primeaero.at\/de\/wp-json\/wp\/v2\/users\/185605373"}],"replies":[{"embeddable":true,"href":"https:\/\/primeaero.at\/de\/wp-json\/wp\/v2\/comments?post=2420"}],"version-history":[{"count":5,"href":"https:\/\/primeaero.at\/de\/wp-json\/wp\/v2\/pages\/2420\/revisions"}],"predecessor-version":[{"id":10854,"href":"https:\/\/primeaero.at\/de\/wp-json\/wp\/v2\/pages\/2420\/revisions\/10854"}],"wp:featuredmedia":[{"embeddable":true,"href":"https:\/\/primeaero.at\/de\/wp-json\/wp\/v2\/media\/2424"}],"wp:attachment":[{"href":"https:\/\/primeaero.at\/de\/wp-json\/wp\/v2\/media?parent=2420"}],"wp:term":[{"taxonomy":"post_tag","embeddable":true,"href":"https:\/\/primeaero.at\/de\/wp-json\/wp\/v2\/tags?post=2420"}],"curies":[{"name":"wp","href":"https:\/\/api.w.org\/{rel}","templated":true}]}}