{"id":2416,"date":"2021-09-16T09:59:01","date_gmt":"2021-09-16T07:59:01","guid":{"rendered":"https:\/\/primeaero.at\/?page_id=2416"},"modified":"2022-05-17T11:28:14","modified_gmt":"2022-05-17T09:28:14","slug":"design","status":"publish","type":"page","link":"https:\/\/primeaero.at\/de\/design\/","title":{"rendered":"Design"},"content":{"rendered":"\n<h4 class=\"wp-block-heading\"><strong>Vom Konzept zur Realit\u00e4t, alles beginnt mit einer Idee<\/strong><strong><\/strong><\/h4>\n\n\n\n<p class=\"wp-block-paragraph\">Manchmal ist das erste Konzept eine grobe Skizze in einem Notizbuch. Um diese Skizze zu realisieren, sind umfassende Kenntnisse der neuesten Techniken der Luft- und Raumfahrttechnik erforderlich.<\/p>\n\n\n\n<p class=\"wp-block-paragraph\">Unsere Ingenieure haben nicht nur umfassende Erfahrung in der Zusammenarbeit mit allen gro\u00dfen Luft- und Raumfahrtunternehmen, sondern auch fundiertes Wissen in Konstruktions- und Zeichnungsstandards (ASME Y14.100 \/ ASME Y14.5) unter Verwendung modernster Software, einschlie\u00dflich CATIA und ENOVIA. Sie unterst\u00fctzen auch gerne bei der Entwicklung von Projektstandards f\u00fcr Zeichnungen und Entw\u00fcrfe, f\u00fcr die es noch keine festgelegten Standards gibt.<\/p>\n","protected":false},"excerpt":{"rendered":"<p>Vom Konzept zur Realit\u00e4t, alles beginnt mit einer Idee Manchmal ist das erste Konzept eine grobe Skizze in einem Notizbuch. Um diese Skizze zu realisieren, sind umfassende Kenntnisse der neuesten Techniken der Luft- und Raumfahrttechnik erforderlich. Unsere Ingenieure haben nicht &hellip; <a href=\"https:\/\/primeaero.at\/de\/design\/\" class=\"more-link\"><span class=\"screen-reader-text\">Design<\/span> weiterlesen<\/a><\/p>\n","protected":false},"author":185605373,"featured_media":4314,"parent":0,"menu_order":0,"comment_status":"closed","ping_status":"closed","template":"","meta":{"_coblocks_attr":"","_coblocks_dimensions":"","_coblocks_responsive_height":"","_coblocks_accordion_ie_support":"","_crdt_document":"","footnotes":""},"tags":[2737],"class_list":["post-2416","page","type-page","status-publish","has-post-thumbnail","hentry","tag-engineering"],"yoast_head":"<!-- This site is optimized with the Yoast SEO plugin v27.4 - https:\/\/yoast.com\/product\/yoast-seo-wordpress\/ -->\n<title>Design - TECHNIA (PRIME aerostructures)<\/title>\n<meta name=\"robots\" content=\"index, follow, max-snippet:-1, max-image-preview:large, max-video-preview:-1\" \/>\n<link rel=\"canonical\" href=\"https:\/\/primeaero.at\/design\/\" \/>\n<meta property=\"og:locale\" content=\"de_DE\" \/>\n<meta property=\"og:type\" content=\"article\" \/>\n<meta property=\"og:title\" content=\"Design - TECHNIA (PRIME aerostructures)\" \/>\n<meta property=\"og:description\" content=\"Vom Konzept zur Realit\u00e4t, alles beginnt mit einer Idee Manchmal ist das erste Konzept eine grobe Skizze in einem Notizbuch. Um diese Skizze zu realisieren, sind umfassende Kenntnisse der neuesten Techniken der Luft- und Raumfahrttechnik erforderlich. Unsere Ingenieure haben nicht &hellip;\" \/>\n<meta property=\"og:url\" content=\"https:\/\/primeaero.at\/design\/\" \/>\n<meta property=\"og:site_name\" content=\"TECHNIA (PRIME aerostructures)\" \/>\n<meta property=\"article:modified_time\" content=\"2022-05-17T09:28:14+00:00\" \/>\n<meta property=\"og:image\" content=\"https:\/\/i0.wp.com\/primeaero.at\/wp-content\/uploads\/2023\/05\/Design_Subpage_Banner.jpg?fit=1920%2C525&ssl=1\" \/>\n\t<meta property=\"og:image:width\" content=\"1920\" \/>\n\t<meta property=\"og:image:height\" content=\"525\" \/>\n\t<meta property=\"og:image:type\" content=\"image\/jpeg\" \/>\n<meta name=\"twitter:card\" content=\"summary_large_image\" \/>\n<meta name=\"twitter:label1\" content=\"Gesch\u00e4tzte Lesezeit\" \/>\n\t<meta name=\"twitter:data1\" content=\"1\u00a0Minute\" \/>\n<script type=\"application\/ld+json\" class=\"yoast-schema-graph\">{\"@context\":\"https:\\\/\\\/schema.org\",\"@graph\":[{\"@type\":\"WebPage\",\"@id\":\"https:\\\/\\\/primeaero.at\\\/design\\\/\",\"url\":\"https:\\\/\\\/primeaero.at\\\/design\\\/\",\"name\":\"Design - TECHNIA (PRIME aerostructures)\",\"isPartOf\":{\"@id\":\"https:\\\/\\\/primeaero.at\\\/#website\"},\"primaryImageOfPage\":{\"@id\":\"https:\\\/\\\/primeaero.at\\\/design\\\/#primaryimage\"},\"image\":{\"@id\":\"https:\\\/\\\/primeaero.at\\\/design\\\/#primaryimage\"},\"thumbnailUrl\":\"https:\\\/\\\/i0.wp.com\\\/primeaero.at\\\/wp-content\\\/uploads\\\/2023\\\/05\\\/Design_Subpage_Banner.jpg?fit=1920%2C525&ssl=1\",\"datePublished\":\"2021-09-16T07:59:01+00:00\",\"dateModified\":\"2022-05-17T09:28:14+00:00\",\"breadcrumb\":{\"@id\":\"https:\\\/\\\/primeaero.at\\\/design\\\/#breadcrumb\"},\"inLanguage\":\"de\",\"potentialAction\":[{\"@type\":\"ReadAction\",\"target\":[\"https:\\\/\\\/primeaero.at\\\/design\\\/\"]}]},{\"@type\":\"ImageObject\",\"inLanguage\":\"de\",\"@id\":\"https:\\\/\\\/primeaero.at\\\/design\\\/#primaryimage\",\"url\":\"https:\\\/\\\/i0.wp.com\\\/primeaero.at\\\/wp-content\\\/uploads\\\/2023\\\/05\\\/Design_Subpage_Banner.jpg?fit=1920%2C525&ssl=1\",\"contentUrl\":\"https:\\\/\\\/i0.wp.com\\\/primeaero.at\\\/wp-content\\\/uploads\\\/2023\\\/05\\\/Design_Subpage_Banner.jpg?fit=1920%2C525&ssl=1\",\"width\":1920,\"height\":525,\"caption\":\"Simulation\"},{\"@type\":\"BreadcrumbList\",\"@id\":\"https:\\\/\\\/primeaero.at\\\/design\\\/#breadcrumb\",\"itemListElement\":[{\"@type\":\"ListItem\",\"position\":1,\"name\":\"Home\",\"item\":\"https:\\\/\\\/primeaero.at\\\/\"},{\"@type\":\"ListItem\",\"position\":2,\"name\":\"Design\"}]},{\"@type\":\"WebSite\",\"@id\":\"https:\\\/\\\/primeaero.at\\\/#website\",\"url\":\"https:\\\/\\\/primeaero.at\\\/\",\"name\":\"TECHNIA (PRIME aerostructures)\",\"description\":\"Engineering Ideas\",\"publisher\":{\"@id\":\"https:\\\/\\\/primeaero.at\\\/#organization\"},\"potentialAction\":[{\"@type\":\"SearchAction\",\"target\":{\"@type\":\"EntryPoint\",\"urlTemplate\":\"https:\\\/\\\/primeaero.at\\\/?s={search_term_string}\"},\"query-input\":{\"@type\":\"PropertyValueSpecification\",\"valueRequired\":true,\"valueName\":\"search_term_string\"}}],\"inLanguage\":\"de\"},{\"@type\":\"Organization\",\"@id\":\"https:\\\/\\\/primeaero.at\\\/#organization\",\"name\":\"TECHNIA (PRIME aerostructures)\",\"url\":\"https:\\\/\\\/primeaero.at\\\/\",\"logo\":{\"@type\":\"ImageObject\",\"inLanguage\":\"de\",\"@id\":\"https:\\\/\\\/primeaero.at\\\/#\\\/schema\\\/logo\\\/image\\\/\",\"url\":\"https:\\\/\\\/i0.wp.com\\\/primeaero.at\\\/wp-content\\\/uploads\\\/2025\\\/02\\\/cropped-Technia-logo-RGB-blue-pos-500space.png?fit=500%2C191&ssl=1\",\"contentUrl\":\"https:\\\/\\\/i0.wp.com\\\/primeaero.at\\\/wp-content\\\/uploads\\\/2025\\\/02\\\/cropped-Technia-logo-RGB-blue-pos-500space.png?fit=500%2C191&ssl=1\",\"width\":500,\"height\":191,\"caption\":\"TECHNIA (PRIME aerostructures)\"},\"image\":{\"@id\":\"https:\\\/\\\/primeaero.at\\\/#\\\/schema\\\/logo\\\/image\\\/\"}}]}<\/script>\n<!-- \/ Yoast SEO plugin. -->","yoast_head_json":{"title":"Design - TECHNIA (PRIME aerostructures)","robots":{"index":"index","follow":"follow","max-snippet":"max-snippet:-1","max-image-preview":"max-image-preview:large","max-video-preview":"max-video-preview:-1"},"canonical":"https:\/\/primeaero.at\/design\/","og_locale":"de_DE","og_type":"article","og_title":"Design - TECHNIA (PRIME aerostructures)","og_description":"Vom Konzept zur Realit\u00e4t, alles beginnt mit einer Idee Manchmal ist das erste Konzept eine grobe Skizze in einem Notizbuch. Um diese Skizze zu realisieren, sind umfassende Kenntnisse der neuesten Techniken der Luft- und Raumfahrttechnik erforderlich. Unsere Ingenieure haben nicht &hellip;","og_url":"https:\/\/primeaero.at\/design\/","og_site_name":"TECHNIA (PRIME aerostructures)","article_modified_time":"2022-05-17T09:28:14+00:00","og_image":[{"width":1920,"height":525,"url":"https:\/\/i0.wp.com\/primeaero.at\/wp-content\/uploads\/2023\/05\/Design_Subpage_Banner.jpg?fit=1920%2C525&ssl=1","type":"image\/jpeg"}],"twitter_card":"summary_large_image","twitter_misc":{"Gesch\u00e4tzte Lesezeit":"1\u00a0Minute"},"schema":{"@context":"https:\/\/schema.org","@graph":[{"@type":"WebPage","@id":"https:\/\/primeaero.at\/design\/","url":"https:\/\/primeaero.at\/design\/","name":"Design - TECHNIA (PRIME aerostructures)","isPartOf":{"@id":"https:\/\/primeaero.at\/#website"},"primaryImageOfPage":{"@id":"https:\/\/primeaero.at\/design\/#primaryimage"},"image":{"@id":"https:\/\/primeaero.at\/design\/#primaryimage"},"thumbnailUrl":"https:\/\/i0.wp.com\/primeaero.at\/wp-content\/uploads\/2023\/05\/Design_Subpage_Banner.jpg?fit=1920%2C525&ssl=1","datePublished":"2021-09-16T07:59:01+00:00","dateModified":"2022-05-17T09:28:14+00:00","breadcrumb":{"@id":"https:\/\/primeaero.at\/design\/#breadcrumb"},"inLanguage":"de","potentialAction":[{"@type":"ReadAction","target":["https:\/\/primeaero.at\/design\/"]}]},{"@type":"ImageObject","inLanguage":"de","@id":"https:\/\/primeaero.at\/design\/#primaryimage","url":"https:\/\/i0.wp.com\/primeaero.at\/wp-content\/uploads\/2023\/05\/Design_Subpage_Banner.jpg?fit=1920%2C525&ssl=1","contentUrl":"https:\/\/i0.wp.com\/primeaero.at\/wp-content\/uploads\/2023\/05\/Design_Subpage_Banner.jpg?fit=1920%2C525&ssl=1","width":1920,"height":525,"caption":"Simulation"},{"@type":"BreadcrumbList","@id":"https:\/\/primeaero.at\/design\/#breadcrumb","itemListElement":[{"@type":"ListItem","position":1,"name":"Home","item":"https:\/\/primeaero.at\/"},{"@type":"ListItem","position":2,"name":"Design"}]},{"@type":"WebSite","@id":"https:\/\/primeaero.at\/#website","url":"https:\/\/primeaero.at\/","name":"TECHNIA (PRIME aerostructures)","description":"Engineering Ideas","publisher":{"@id":"https:\/\/primeaero.at\/#organization"},"potentialAction":[{"@type":"SearchAction","target":{"@type":"EntryPoint","urlTemplate":"https:\/\/primeaero.at\/?s={search_term_string}"},"query-input":{"@type":"PropertyValueSpecification","valueRequired":true,"valueName":"search_term_string"}}],"inLanguage":"de"},{"@type":"Organization","@id":"https:\/\/primeaero.at\/#organization","name":"TECHNIA (PRIME aerostructures)","url":"https:\/\/primeaero.at\/","logo":{"@type":"ImageObject","inLanguage":"de","@id":"https:\/\/primeaero.at\/#\/schema\/logo\/image\/","url":"https:\/\/i0.wp.com\/primeaero.at\/wp-content\/uploads\/2025\/02\/cropped-Technia-logo-RGB-blue-pos-500space.png?fit=500%2C191&ssl=1","contentUrl":"https:\/\/i0.wp.com\/primeaero.at\/wp-content\/uploads\/2025\/02\/cropped-Technia-logo-RGB-blue-pos-500space.png?fit=500%2C191&ssl=1","width":500,"height":191,"caption":"TECHNIA (PRIME aerostructures)"},"image":{"@id":"https:\/\/primeaero.at\/#\/schema\/logo\/image\/"}}]}},"jetpack_likes_enabled":false,"jetpack_sharing_enabled":true,"jetpack_shortlink":"https:\/\/wp.me\/PbYMx3-CY","amp_enabled":true,"_links":{"self":[{"href":"https:\/\/primeaero.at\/de\/wp-json\/wp\/v2\/pages\/2416","targetHints":{"allow":["GET"]}}],"collection":[{"href":"https:\/\/primeaero.at\/de\/wp-json\/wp\/v2\/pages"}],"about":[{"href":"https:\/\/primeaero.at\/de\/wp-json\/wp\/v2\/types\/page"}],"author":[{"embeddable":true,"href":"https:\/\/primeaero.at\/de\/wp-json\/wp\/v2\/users\/185605373"}],"replies":[{"embeddable":true,"href":"https:\/\/primeaero.at\/de\/wp-json\/wp\/v2\/comments?post=2416"}],"version-history":[{"count":1,"href":"https:\/\/primeaero.at\/de\/wp-json\/wp\/v2\/pages\/2416\/revisions"}],"predecessor-version":[{"id":2417,"href":"https:\/\/primeaero.at\/de\/wp-json\/wp\/v2\/pages\/2416\/revisions\/2417"}],"wp:featuredmedia":[{"embeddable":true,"href":"https:\/\/primeaero.at\/de\/wp-json\/wp\/v2\/media\/4314"}],"wp:attachment":[{"href":"https:\/\/primeaero.at\/de\/wp-json\/wp\/v2\/media?parent=2416"}],"wp:term":[{"taxonomy":"post_tag","embeddable":true,"href":"https:\/\/primeaero.at\/de\/wp-json\/wp\/v2\/tags?post=2416"}],"curies":[{"name":"wp","href":"https:\/\/api.w.org\/{rel}","templated":true}]}}