{"id":2338,"date":"2021-09-15T13:01:33","date_gmt":"2021-09-15T11:01:33","guid":{"rendered":"https:\/\/primeaero.at\/?page_id=2338"},"modified":"2025-02-05T16:28:16","modified_gmt":"2025-02-05T15:28:16","slug":"das-prime-potential","status":"publish","type":"page","link":"https:\/\/primeaero.at\/de\/das-prime-potential\/","title":{"rendered":"Das Potential"},"content":{"rendered":"\n<h4 class=\"wp-block-heading\">Durch Offenheit die Produktqualit\u00e4t verbessern<\/h4>\n\n\n\n<p class=\"wp-block-paragraph\">Das TECHNIA-Team besteht aus kompetenten Ingenieuren und Projektmanagern mit der besten Ausbildung. Neben dem umfassenden Wissen, Engagement und der Erfahrung, die das gesamte Team in jedes Projekt mit einbringt, wird die Arbeit durch den gezielten Einsatz einer Vielzahl modernster Engineering-Tools unterst\u00fctzt.<\/p>\n\n\n\n<p class=\"wp-block-paragraph\">F\u00fcr uns bei TECHNIA ist jedoch auch das kreative, menschliche Element im Lebenszyklus eines Produkts entscheidend, um optimale Ergebnisse zu erzielen.<\/p>\n\n\n\n<p class=\"wp-block-paragraph\">Zu jedem Projekt-Zeitpunkt kann es vorkommen, dass der gew\u00e4hlte Weg hinterfragt und gegebenenfalls neue Perspektiven erkundet werden m\u00fcssen. Au\u00dferdem wird in jeder Phase des Engineering-Prozesses gepr\u00fcft, ob das Potenzial tats\u00e4chlich voll ausgesch\u00f6pft wird.<\/p>\n\n\n\n<p class=\"wp-block-paragraph\">Das globale TECHNIA-Simulation-Team bietet erstklassige FEA-, nichtlineare und Advanced Simulationssoftware, Schulung und Beratung. Unser engagiertes Team, bestehend aus mehr als <strong>70 Simulationsexperten in 16 L\u00e4ndern<\/strong>, ber\u00e4t und unterst\u00fctzt Ihre Vorhaben mit einer F\u00fclle von Fachwissen und Erfahrung.<\/p>\n\n\n\n<figure class=\"wp-block-image size-full\"><img data-recalc-dims=\"1\" loading=\"lazy\" decoding=\"async\" width=\"720\" height=\"137\" data-attachment-id=\"10984\" data-permalink=\"https:\/\/primeaero.at\/de\/das-prime-potential\/technia-simulation-2\/\" data-orig-file=\"https:\/\/i0.wp.com\/primeaero.at\/wp-content\/uploads\/2025\/02\/technia-simulation-2.jpg?fit=1423%2C270&amp;ssl=1\" data-orig-size=\"1423,270\" data-comments-opened=\"0\" data-image-meta=\"{&quot;aperture&quot;:&quot;0&quot;,&quot;credit&quot;:&quot;&quot;,&quot;camera&quot;:&quot;&quot;,&quot;caption&quot;:&quot;&quot;,&quot;created_timestamp&quot;:&quot;0&quot;,&quot;copyright&quot;:&quot;&quot;,&quot;focal_length&quot;:&quot;0&quot;,&quot;iso&quot;:&quot;0&quot;,&quot;shutter_speed&quot;:&quot;0&quot;,&quot;title&quot;:&quot;&quot;,&quot;orientation&quot;:&quot;0&quot;}\" data-image-title=\"technia-simulation\" data-image-description=\"\" data-image-caption=\"\" data-large-file=\"https:\/\/i0.wp.com\/primeaero.at\/wp-content\/uploads\/2025\/02\/technia-simulation-2.jpg?fit=720%2C136&amp;ssl=1\" src=\"https:\/\/i0.wp.com\/primeaero.at\/wp-content\/uploads\/2025\/02\/technia-simulation-2.jpg?resize=720%2C137&#038;ssl=1\" alt=\"\" class=\"wp-image-10984\" srcset=\"https:\/\/i0.wp.com\/primeaero.at\/wp-content\/uploads\/2025\/02\/technia-simulation-2.jpg?w=1423&amp;ssl=1 1423w, https:\/\/i0.wp.com\/primeaero.at\/wp-content\/uploads\/2025\/02\/technia-simulation-2.jpg?resize=300%2C57&amp;ssl=1 300w, https:\/\/i0.wp.com\/primeaero.at\/wp-content\/uploads\/2025\/02\/technia-simulation-2.jpg?resize=1024%2C194&amp;ssl=1 1024w, https:\/\/i0.wp.com\/primeaero.at\/wp-content\/uploads\/2025\/02\/technia-simulation-2.jpg?resize=768%2C146&amp;ssl=1 768w, https:\/\/i0.wp.com\/primeaero.at\/wp-content\/uploads\/2025\/02\/technia-simulation-2.jpg?resize=1200%2C228&amp;ssl=1 1200w, https:\/\/i0.wp.com\/primeaero.at\/wp-content\/uploads\/2025\/02\/technia-simulation-2.jpg?resize=270%2C51&amp;ssl=1 270w\" sizes=\"auto, (max-width: 720px) 100vw, 720px\" \/><\/figure>\n","protected":false},"excerpt":{"rendered":"<p>Durch Offenheit die Produktqualit\u00e4t verbessern Das TECHNIA-Team besteht aus kompetenten Ingenieuren und Projektmanagern mit der besten Ausbildung. Neben dem umfassenden Wissen, Engagement und der Erfahrung, die das gesamte Team in jedes Projekt mit einbringt, wird die Arbeit durch den gezielten &hellip; <a href=\"https:\/\/primeaero.at\/de\/das-prime-potential\/\" class=\"more-link\"><span class=\"screen-reader-text\">Das Potential<\/span> weiterlesen<\/a><\/p>\n","protected":false},"author":185605373,"featured_media":4265,"parent":0,"menu_order":0,"comment_status":"closed","ping_status":"closed","template":"","meta":{"_coblocks_attr":"","_coblocks_dimensions":"","_coblocks_responsive_height":"","_coblocks_accordion_ie_support":"","_crdt_document":"","footnotes":""},"tags":[2739,2737,2905],"class_list":["post-2338","page","type-page","status-publish","has-post-thumbnail","hentry","tag-aerospace-and-defense","tag-engineering","tag-luft-und-raumfahrt"],"yoast_head":"<!-- This site is optimized with the Yoast SEO plugin v27.5 - https:\/\/yoast.com\/product\/yoast-seo-wordpress\/ -->\n<title>Das Potential - TECHNIA (PRIME aerostructures)<\/title>\n<meta name=\"robots\" content=\"index, follow, max-snippet:-1, max-image-preview:large, max-video-preview:-1\" \/>\n<link rel=\"canonical\" href=\"https:\/\/primeaero.at\/de\/das-prime-potential\/\" \/>\n<meta property=\"og:locale\" content=\"de_DE\" \/>\n<meta property=\"og:type\" content=\"article\" \/>\n<meta property=\"og:title\" content=\"Das Potential - TECHNIA (PRIME aerostructures)\" \/>\n<meta property=\"og:description\" content=\"Durch Offenheit die Produktqualit\u00e4t verbessern Das TECHNIA-Team besteht aus kompetenten Ingenieuren und Projektmanagern mit der besten Ausbildung. Neben dem umfassenden Wissen, Engagement und der Erfahrung, die das gesamte Team in jedes Projekt mit einbringt, wird die Arbeit durch den gezielten &hellip;\" \/>\n<meta property=\"og:url\" content=\"https:\/\/primeaero.at\/de\/das-prime-potential\/\" \/>\n<meta property=\"og:site_name\" content=\"TECHNIA (PRIME aerostructures)\" \/>\n<meta property=\"article:modified_time\" content=\"2025-02-05T15:28:16+00:00\" \/>\n<meta property=\"og:image\" content=\"https:\/\/primeaero.at\/wp-content\/uploads\/2023\/05\/Company_Unternehmen_2.jpg\" \/>\n\t<meta property=\"og:image:width\" content=\"1920\" \/>\n\t<meta property=\"og:image:height\" content=\"525\" \/>\n\t<meta property=\"og:image:type\" content=\"image\/jpeg\" \/>\n<meta name=\"twitter:card\" content=\"summary_large_image\" \/>\n<meta name=\"twitter:label1\" content=\"Gesch\u00e4tzte Lesezeit\" \/>\n\t<meta name=\"twitter:data1\" content=\"2\u00a0Minuten\" \/>\n<script type=\"application\/ld+json\" class=\"yoast-schema-graph\">{\"@context\":\"https:\\\/\\\/schema.org\",\"@graph\":[{\"@type\":\"WebPage\",\"@id\":\"https:\\\/\\\/primeaero.at\\\/de\\\/das-prime-potential\\\/\",\"url\":\"https:\\\/\\\/primeaero.at\\\/de\\\/das-prime-potential\\\/\",\"name\":\"Das Potential - TECHNIA (PRIME aerostructures)\",\"isPartOf\":{\"@id\":\"https:\\\/\\\/primeaero.at\\\/#website\"},\"primaryImageOfPage\":{\"@id\":\"https:\\\/\\\/primeaero.at\\\/de\\\/das-prime-potential\\\/#primaryimage\"},\"image\":{\"@id\":\"https:\\\/\\\/primeaero.at\\\/de\\\/das-prime-potential\\\/#primaryimage\"},\"thumbnailUrl\":\"https:\\\/\\\/i0.wp.com\\\/primeaero.at\\\/wp-content\\\/uploads\\\/2023\\\/05\\\/Company_Unternehmen_2.jpg?fit=1920%2C525&ssl=1\",\"datePublished\":\"2021-09-15T11:01:33+00:00\",\"dateModified\":\"2025-02-05T15:28:16+00:00\",\"breadcrumb\":{\"@id\":\"https:\\\/\\\/primeaero.at\\\/de\\\/das-prime-potential\\\/#breadcrumb\"},\"inLanguage\":\"de\",\"potentialAction\":[{\"@type\":\"ReadAction\",\"target\":[\"https:\\\/\\\/primeaero.at\\\/de\\\/das-prime-potential\\\/\"]}]},{\"@type\":\"ImageObject\",\"inLanguage\":\"de\",\"@id\":\"https:\\\/\\\/primeaero.at\\\/de\\\/das-prime-potential\\\/#primaryimage\",\"url\":\"https:\\\/\\\/i0.wp.com\\\/primeaero.at\\\/wp-content\\\/uploads\\\/2023\\\/05\\\/Company_Unternehmen_2.jpg?fit=1920%2C525&ssl=1\",\"contentUrl\":\"https:\\\/\\\/i0.wp.com\\\/primeaero.at\\\/wp-content\\\/uploads\\\/2023\\\/05\\\/Company_Unternehmen_2.jpg?fit=1920%2C525&ssl=1\",\"width\":1920,\"height\":525,\"caption\":\"Company Unternehmen\"},{\"@type\":\"BreadcrumbList\",\"@id\":\"https:\\\/\\\/primeaero.at\\\/de\\\/das-prime-potential\\\/#breadcrumb\",\"itemListElement\":[{\"@type\":\"ListItem\",\"position\":1,\"name\":\"Home\",\"item\":\"https:\\\/\\\/primeaero.at\\\/\"},{\"@type\":\"ListItem\",\"position\":2,\"name\":\"Das Potential\"}]},{\"@type\":\"WebSite\",\"@id\":\"https:\\\/\\\/primeaero.at\\\/#website\",\"url\":\"https:\\\/\\\/primeaero.at\\\/\",\"name\":\"TECHNIA (PRIME aerostructures)\",\"description\":\"Engineering Ideas\",\"publisher\":{\"@id\":\"https:\\\/\\\/primeaero.at\\\/#organization\"},\"potentialAction\":[{\"@type\":\"SearchAction\",\"target\":{\"@type\":\"EntryPoint\",\"urlTemplate\":\"https:\\\/\\\/primeaero.at\\\/?s={search_term_string}\"},\"query-input\":{\"@type\":\"PropertyValueSpecification\",\"valueRequired\":true,\"valueName\":\"search_term_string\"}}],\"inLanguage\":\"de\"},{\"@type\":\"Organization\",\"@id\":\"https:\\\/\\\/primeaero.at\\\/#organization\",\"name\":\"TECHNIA (PRIME aerostructures)\",\"url\":\"https:\\\/\\\/primeaero.at\\\/\",\"logo\":{\"@type\":\"ImageObject\",\"inLanguage\":\"de\",\"@id\":\"https:\\\/\\\/primeaero.at\\\/#\\\/schema\\\/logo\\\/image\\\/\",\"url\":\"https:\\\/\\\/i0.wp.com\\\/primeaero.at\\\/wp-content\\\/uploads\\\/2025\\\/02\\\/cropped-Technia-logo-RGB-blue-pos-500space.png?fit=500%2C191&ssl=1\",\"contentUrl\":\"https:\\\/\\\/i0.wp.com\\\/primeaero.at\\\/wp-content\\\/uploads\\\/2025\\\/02\\\/cropped-Technia-logo-RGB-blue-pos-500space.png?fit=500%2C191&ssl=1\",\"width\":500,\"height\":191,\"caption\":\"TECHNIA (PRIME aerostructures)\"},\"image\":{\"@id\":\"https:\\\/\\\/primeaero.at\\\/#\\\/schema\\\/logo\\\/image\\\/\"}}]}<\/script>\n<!-- \/ Yoast SEO plugin. -->","yoast_head_json":{"title":"Das Potential - TECHNIA (PRIME aerostructures)","robots":{"index":"index","follow":"follow","max-snippet":"max-snippet:-1","max-image-preview":"max-image-preview:large","max-video-preview":"max-video-preview:-1"},"canonical":"https:\/\/primeaero.at\/de\/das-prime-potential\/","og_locale":"de_DE","og_type":"article","og_title":"Das Potential - TECHNIA (PRIME aerostructures)","og_description":"Durch Offenheit die Produktqualit\u00e4t verbessern Das TECHNIA-Team besteht aus kompetenten Ingenieuren und Projektmanagern mit der besten Ausbildung. Neben dem umfassenden Wissen, Engagement und der Erfahrung, die das gesamte Team in jedes Projekt mit einbringt, wird die Arbeit durch den gezielten &hellip;","og_url":"https:\/\/primeaero.at\/de\/das-prime-potential\/","og_site_name":"TECHNIA (PRIME aerostructures)","article_modified_time":"2025-02-05T15:28:16+00:00","og_image":[{"width":1920,"height":525,"url":"https:\/\/primeaero.at\/wp-content\/uploads\/2023\/05\/Company_Unternehmen_2.jpg","type":"image\/jpeg"}],"twitter_card":"summary_large_image","twitter_misc":{"Gesch\u00e4tzte Lesezeit":"2\u00a0Minuten"},"schema":{"@context":"https:\/\/schema.org","@graph":[{"@type":"WebPage","@id":"https:\/\/primeaero.at\/de\/das-prime-potential\/","url":"https:\/\/primeaero.at\/de\/das-prime-potential\/","name":"Das Potential - TECHNIA (PRIME aerostructures)","isPartOf":{"@id":"https:\/\/primeaero.at\/#website"},"primaryImageOfPage":{"@id":"https:\/\/primeaero.at\/de\/das-prime-potential\/#primaryimage"},"image":{"@id":"https:\/\/primeaero.at\/de\/das-prime-potential\/#primaryimage"},"thumbnailUrl":"https:\/\/i0.wp.com\/primeaero.at\/wp-content\/uploads\/2023\/05\/Company_Unternehmen_2.jpg?fit=1920%2C525&ssl=1","datePublished":"2021-09-15T11:01:33+00:00","dateModified":"2025-02-05T15:28:16+00:00","breadcrumb":{"@id":"https:\/\/primeaero.at\/de\/das-prime-potential\/#breadcrumb"},"inLanguage":"de","potentialAction":[{"@type":"ReadAction","target":["https:\/\/primeaero.at\/de\/das-prime-potential\/"]}]},{"@type":"ImageObject","inLanguage":"de","@id":"https:\/\/primeaero.at\/de\/das-prime-potential\/#primaryimage","url":"https:\/\/i0.wp.com\/primeaero.at\/wp-content\/uploads\/2023\/05\/Company_Unternehmen_2.jpg?fit=1920%2C525&ssl=1","contentUrl":"https:\/\/i0.wp.com\/primeaero.at\/wp-content\/uploads\/2023\/05\/Company_Unternehmen_2.jpg?fit=1920%2C525&ssl=1","width":1920,"height":525,"caption":"Company Unternehmen"},{"@type":"BreadcrumbList","@id":"https:\/\/primeaero.at\/de\/das-prime-potential\/#breadcrumb","itemListElement":[{"@type":"ListItem","position":1,"name":"Home","item":"https:\/\/primeaero.at\/"},{"@type":"ListItem","position":2,"name":"Das Potential"}]},{"@type":"WebSite","@id":"https:\/\/primeaero.at\/#website","url":"https:\/\/primeaero.at\/","name":"TECHNIA (PRIME aerostructures)","description":"Engineering Ideas","publisher":{"@id":"https:\/\/primeaero.at\/#organization"},"potentialAction":[{"@type":"SearchAction","target":{"@type":"EntryPoint","urlTemplate":"https:\/\/primeaero.at\/?s={search_term_string}"},"query-input":{"@type":"PropertyValueSpecification","valueRequired":true,"valueName":"search_term_string"}}],"inLanguage":"de"},{"@type":"Organization","@id":"https:\/\/primeaero.at\/#organization","name":"TECHNIA (PRIME aerostructures)","url":"https:\/\/primeaero.at\/","logo":{"@type":"ImageObject","inLanguage":"de","@id":"https:\/\/primeaero.at\/#\/schema\/logo\/image\/","url":"https:\/\/i0.wp.com\/primeaero.at\/wp-content\/uploads\/2025\/02\/cropped-Technia-logo-RGB-blue-pos-500space.png?fit=500%2C191&ssl=1","contentUrl":"https:\/\/i0.wp.com\/primeaero.at\/wp-content\/uploads\/2025\/02\/cropped-Technia-logo-RGB-blue-pos-500space.png?fit=500%2C191&ssl=1","width":500,"height":191,"caption":"TECHNIA (PRIME aerostructures)"},"image":{"@id":"https:\/\/primeaero.at\/#\/schema\/logo\/image\/"}}]}},"jetpack_likes_enabled":false,"jetpack_sharing_enabled":true,"jetpack_shortlink":"https:\/\/wp.me\/PbYMx3-BI","amp_enabled":true,"_links":{"self":[{"href":"https:\/\/primeaero.at\/de\/wp-json\/wp\/v2\/pages\/2338","targetHints":{"allow":["GET"]}}],"collection":[{"href":"https:\/\/primeaero.at\/de\/wp-json\/wp\/v2\/pages"}],"about":[{"href":"https:\/\/primeaero.at\/de\/wp-json\/wp\/v2\/types\/page"}],"author":[{"embeddable":true,"href":"https:\/\/primeaero.at\/de\/wp-json\/wp\/v2\/users\/185605373"}],"replies":[{"embeddable":true,"href":"https:\/\/primeaero.at\/de\/wp-json\/wp\/v2\/comments?post=2338"}],"version-history":[{"count":11,"href":"https:\/\/primeaero.at\/de\/wp-json\/wp\/v2\/pages\/2338\/revisions"}],"predecessor-version":[{"id":10986,"href":"https:\/\/primeaero.at\/de\/wp-json\/wp\/v2\/pages\/2338\/revisions\/10986"}],"wp:featuredmedia":[{"embeddable":true,"href":"https:\/\/primeaero.at\/de\/wp-json\/wp\/v2\/media\/4265"}],"wp:attachment":[{"href":"https:\/\/primeaero.at\/de\/wp-json\/wp\/v2\/media?parent=2338"}],"wp:term":[{"taxonomy":"post_tag","embeddable":true,"href":"https:\/\/primeaero.at\/de\/wp-json\/wp\/v2\/tags?post=2338"}],"curies":[{"name":"wp","href":"https:\/\/api.w.org\/{rel}","templated":true}]}}