{"id":2328,"date":"2021-09-15T12:53:49","date_gmt":"2021-09-15T10:53:49","guid":{"rendered":"https:\/\/primeaero.at\/?page_id=2328"},"modified":"2025-02-04T11:06:50","modified_gmt":"2025-02-04T10:06:50","slug":"die-prime-idee","status":"publish","type":"page","link":"https:\/\/primeaero.at\/de\/die-prime-idee\/","title":{"rendered":"Die Idee"},"content":{"rendered":"\n<h4 class=\"wp-block-heading\">Von der Idee zum Produkt durch Kreativit\u00e4t und Know-how<\/h4>\n\n\n\n<p class=\"wp-block-paragraph\">Am Anfang steht die Idee &#8211; eine Idee zur Verbesserung eines Produkts, eine Idee f\u00fcr ein v\u00f6llig neues Produkt oder sogar eine Idee, die die Welt revolutionieren wird. Doch wenn sich aus dieser Idee nichts machen l\u00e4sst oder sie nicht umgesetzen kann, ist selbst die genialste Idee am Ende nicht viel wert.<\/p>\n\n\n\n<hr class=\"wp-block-separator has-text-color has-css-opacity has-background\" style=\"background-color:#888888;color:#888888\"\/>\n\n\n\n<p class=\"has-text-align-center has-text-color has-medium-font-size wp-block-paragraph\" style=\"color:#888888\">Bei TECHNIA (ehemals PRIME aerostructures) geht es darum, Ideen weiterzuentwickeln &#8211; ihnen Leben einzuhauchen. Oder: TECHNIA (ehemals PRIME aerostructures) liefert die Idee, die dazu beitr\u00e4gt, Ihr Produkt besser und wettbewerbsf\u00e4higer zu machen.<\/p>\n\n\n\n<hr class=\"wp-block-separator has-text-color has-css-opacity has-background\" style=\"background-color:#888888;color:#888888\"\/>\n\n\n\n<p class=\"wp-block-paragraph\">Unabh\u00e4ngig davon, in welchem Lebenszyklus sich das Produkt befindet, irgendwann ist dieser eine Funke einer Idee entscheidend, ob das Produkt Bestand hat oder nicht.<\/p>\n\n\n\n<ul class=\"wp-block-list\">\n<li>die Wahl des am besten geeigneten Materials<\/li>\n\n\n\n<li>die Simulation des relevanten Prozesses, der die Qualit\u00e4t ihres Produkts testet<\/li>\n\n\n\n<li>die vielleicht unkonventionelle und dennoch einzig richtige L\u00f6sung f\u00fcr ein Problem<\/li>\n<\/ul>\n\n\n\n<p class=\"wp-block-paragraph\">Wir untersuchen die Dinge genau, aber bem\u00fchen uns gleichzeitig um ein gewisses Ma\u00df an Objektivit\u00e4t und Distanz. Unterschiedliche Perspektiven m\u00fcssen ber\u00fccksichtigt werden, damit Situationen und Probleme gr\u00fcndlich analysiert werden k\u00f6nnen. Auch wenn jahrzehntelange Erfahrung und modernstes Know-how auf den ersten Blick widerspr\u00fcchlich erscheinen, ist manchmal \u00fcber den Tellerrand hinaus zu denken genau das, was einen der L\u00f6sung einen Schritt n\u00e4her bringt.<\/p>\n\n\n\n<p class=\"wp-block-paragraph\">Dies ist genau unser Ansatz bei einem Projekt, unabh\u00e4ngig von der Art des Produkts und der Phase, in der sich das Projekt befindet.<\/p>\n","protected":false},"excerpt":{"rendered":"<p>Von der Idee zum Produkt durch Kreativit\u00e4t und Know-how Am Anfang steht die Idee &#8211; eine Idee zur Verbesserung eines Produkts, eine Idee f\u00fcr ein v\u00f6llig neues Produkt oder sogar eine Idee, die die Welt revolutionieren wird. Doch wenn sich &hellip; <a href=\"https:\/\/primeaero.at\/de\/die-prime-idee\/\" class=\"more-link\"><span class=\"screen-reader-text\">Die Idee<\/span> weiterlesen<\/a><\/p>\n","protected":false},"author":185605373,"featured_media":4296,"parent":0,"menu_order":0,"comment_status":"closed","ping_status":"closed","template":"","meta":{"_coblocks_attr":"","_coblocks_dimensions":"","_coblocks_responsive_height":"","_coblocks_accordion_ie_support":"","_crdt_document":"","footnotes":""},"tags":[],"class_list":["post-2328","page","type-page","status-publish","has-post-thumbnail","hentry"],"yoast_head":"<!-- This site is optimized with the Yoast SEO plugin v27.4 - https:\/\/yoast.com\/product\/yoast-seo-wordpress\/ -->\n<title>Die Idee - TECHNIA (PRIME aerostructures)<\/title>\n<meta name=\"robots\" content=\"index, follow, max-snippet:-1, max-image-preview:large, max-video-preview:-1\" \/>\n<link rel=\"canonical\" href=\"https:\/\/primeaero.at\/de\/die-prime-idee\/\" \/>\n<meta property=\"og:locale\" content=\"de_DE\" \/>\n<meta property=\"og:type\" content=\"article\" \/>\n<meta property=\"og:title\" content=\"Die Idee - TECHNIA (PRIME aerostructures)\" \/>\n<meta property=\"og:description\" content=\"Von der Idee zum Produkt durch Kreativit\u00e4t und Know-how Am Anfang steht die Idee &#8211; eine Idee zur Verbesserung eines Produkts, eine Idee f\u00fcr ein v\u00f6llig neues Produkt oder sogar eine Idee, die die Welt revolutionieren wird. Doch wenn sich &hellip;\" \/>\n<meta property=\"og:url\" content=\"https:\/\/primeaero.at\/de\/die-prime-idee\/\" \/>\n<meta property=\"og:site_name\" content=\"TECHNIA (PRIME aerostructures)\" \/>\n<meta property=\"article:modified_time\" content=\"2025-02-04T10:06:50+00:00\" \/>\n<meta property=\"og:image\" content=\"https:\/\/primeaero.at\/wp-content\/uploads\/2023\/05\/The_PRIME_Idea_Subpage_Banner.jpg\" \/>\n\t<meta property=\"og:image:width\" content=\"1920\" \/>\n\t<meta property=\"og:image:height\" content=\"525\" \/>\n\t<meta property=\"og:image:type\" content=\"image\/jpeg\" \/>\n<meta name=\"twitter:card\" content=\"summary_large_image\" \/>\n<meta name=\"twitter:label1\" content=\"Gesch\u00e4tzte Lesezeit\" \/>\n\t<meta name=\"twitter:data1\" content=\"2\u00a0Minuten\" \/>\n<script type=\"application\/ld+json\" class=\"yoast-schema-graph\">{\"@context\":\"https:\\\/\\\/schema.org\",\"@graph\":[{\"@type\":\"WebPage\",\"@id\":\"https:\\\/\\\/primeaero.at\\\/de\\\/die-prime-idee\\\/\",\"url\":\"https:\\\/\\\/primeaero.at\\\/de\\\/die-prime-idee\\\/\",\"name\":\"Die Idee - TECHNIA (PRIME aerostructures)\",\"isPartOf\":{\"@id\":\"https:\\\/\\\/primeaero.at\\\/#website\"},\"primaryImageOfPage\":{\"@id\":\"https:\\\/\\\/primeaero.at\\\/de\\\/die-prime-idee\\\/#primaryimage\"},\"image\":{\"@id\":\"https:\\\/\\\/primeaero.at\\\/de\\\/die-prime-idee\\\/#primaryimage\"},\"thumbnailUrl\":\"https:\\\/\\\/i0.wp.com\\\/primeaero.at\\\/wp-content\\\/uploads\\\/2023\\\/05\\\/The_PRIME_Idea_Subpage_Banner.jpg?fit=1920%2C525&ssl=1\",\"datePublished\":\"2021-09-15T10:53:49+00:00\",\"dateModified\":\"2025-02-04T10:06:50+00:00\",\"breadcrumb\":{\"@id\":\"https:\\\/\\\/primeaero.at\\\/de\\\/die-prime-idee\\\/#breadcrumb\"},\"inLanguage\":\"de\",\"potentialAction\":[{\"@type\":\"ReadAction\",\"target\":[\"https:\\\/\\\/primeaero.at\\\/de\\\/die-prime-idee\\\/\"]}]},{\"@type\":\"ImageObject\",\"inLanguage\":\"de\",\"@id\":\"https:\\\/\\\/primeaero.at\\\/de\\\/die-prime-idee\\\/#primaryimage\",\"url\":\"https:\\\/\\\/i0.wp.com\\\/primeaero.at\\\/wp-content\\\/uploads\\\/2023\\\/05\\\/The_PRIME_Idea_Subpage_Banner.jpg?fit=1920%2C525&ssl=1\",\"contentUrl\":\"https:\\\/\\\/i0.wp.com\\\/primeaero.at\\\/wp-content\\\/uploads\\\/2023\\\/05\\\/The_PRIME_Idea_Subpage_Banner.jpg?fit=1920%2C525&ssl=1\",\"width\":1920,\"height\":525,\"caption\":\"The_PRIME_Idea\"},{\"@type\":\"BreadcrumbList\",\"@id\":\"https:\\\/\\\/primeaero.at\\\/de\\\/die-prime-idee\\\/#breadcrumb\",\"itemListElement\":[{\"@type\":\"ListItem\",\"position\":1,\"name\":\"Home\",\"item\":\"https:\\\/\\\/primeaero.at\\\/\"},{\"@type\":\"ListItem\",\"position\":2,\"name\":\"Die Idee\"}]},{\"@type\":\"WebSite\",\"@id\":\"https:\\\/\\\/primeaero.at\\\/#website\",\"url\":\"https:\\\/\\\/primeaero.at\\\/\",\"name\":\"TECHNIA (PRIME aerostructures)\",\"description\":\"Engineering Ideas\",\"publisher\":{\"@id\":\"https:\\\/\\\/primeaero.at\\\/#organization\"},\"potentialAction\":[{\"@type\":\"SearchAction\",\"target\":{\"@type\":\"EntryPoint\",\"urlTemplate\":\"https:\\\/\\\/primeaero.at\\\/?s={search_term_string}\"},\"query-input\":{\"@type\":\"PropertyValueSpecification\",\"valueRequired\":true,\"valueName\":\"search_term_string\"}}],\"inLanguage\":\"de\"},{\"@type\":\"Organization\",\"@id\":\"https:\\\/\\\/primeaero.at\\\/#organization\",\"name\":\"TECHNIA (PRIME aerostructures)\",\"url\":\"https:\\\/\\\/primeaero.at\\\/\",\"logo\":{\"@type\":\"ImageObject\",\"inLanguage\":\"de\",\"@id\":\"https:\\\/\\\/primeaero.at\\\/#\\\/schema\\\/logo\\\/image\\\/\",\"url\":\"https:\\\/\\\/i0.wp.com\\\/primeaero.at\\\/wp-content\\\/uploads\\\/2025\\\/02\\\/cropped-Technia-logo-RGB-blue-pos-500space.png?fit=500%2C191&ssl=1\",\"contentUrl\":\"https:\\\/\\\/i0.wp.com\\\/primeaero.at\\\/wp-content\\\/uploads\\\/2025\\\/02\\\/cropped-Technia-logo-RGB-blue-pos-500space.png?fit=500%2C191&ssl=1\",\"width\":500,\"height\":191,\"caption\":\"TECHNIA (PRIME aerostructures)\"},\"image\":{\"@id\":\"https:\\\/\\\/primeaero.at\\\/#\\\/schema\\\/logo\\\/image\\\/\"}}]}<\/script>\n<!-- \/ Yoast SEO plugin. -->","yoast_head_json":{"title":"Die Idee - TECHNIA (PRIME aerostructures)","robots":{"index":"index","follow":"follow","max-snippet":"max-snippet:-1","max-image-preview":"max-image-preview:large","max-video-preview":"max-video-preview:-1"},"canonical":"https:\/\/primeaero.at\/de\/die-prime-idee\/","og_locale":"de_DE","og_type":"article","og_title":"Die Idee - TECHNIA (PRIME aerostructures)","og_description":"Von der Idee zum Produkt durch Kreativit\u00e4t und Know-how Am Anfang steht die Idee &#8211; eine Idee zur Verbesserung eines Produkts, eine Idee f\u00fcr ein v\u00f6llig neues Produkt oder sogar eine Idee, die die Welt revolutionieren wird. Doch wenn sich &hellip;","og_url":"https:\/\/primeaero.at\/de\/die-prime-idee\/","og_site_name":"TECHNIA (PRIME aerostructures)","article_modified_time":"2025-02-04T10:06:50+00:00","og_image":[{"width":1920,"height":525,"url":"https:\/\/primeaero.at\/wp-content\/uploads\/2023\/05\/The_PRIME_Idea_Subpage_Banner.jpg","type":"image\/jpeg"}],"twitter_card":"summary_large_image","twitter_misc":{"Gesch\u00e4tzte Lesezeit":"2\u00a0Minuten"},"schema":{"@context":"https:\/\/schema.org","@graph":[{"@type":"WebPage","@id":"https:\/\/primeaero.at\/de\/die-prime-idee\/","url":"https:\/\/primeaero.at\/de\/die-prime-idee\/","name":"Die Idee - TECHNIA (PRIME aerostructures)","isPartOf":{"@id":"https:\/\/primeaero.at\/#website"},"primaryImageOfPage":{"@id":"https:\/\/primeaero.at\/de\/die-prime-idee\/#primaryimage"},"image":{"@id":"https:\/\/primeaero.at\/de\/die-prime-idee\/#primaryimage"},"thumbnailUrl":"https:\/\/i0.wp.com\/primeaero.at\/wp-content\/uploads\/2023\/05\/The_PRIME_Idea_Subpage_Banner.jpg?fit=1920%2C525&ssl=1","datePublished":"2021-09-15T10:53:49+00:00","dateModified":"2025-02-04T10:06:50+00:00","breadcrumb":{"@id":"https:\/\/primeaero.at\/de\/die-prime-idee\/#breadcrumb"},"inLanguage":"de","potentialAction":[{"@type":"ReadAction","target":["https:\/\/primeaero.at\/de\/die-prime-idee\/"]}]},{"@type":"ImageObject","inLanguage":"de","@id":"https:\/\/primeaero.at\/de\/die-prime-idee\/#primaryimage","url":"https:\/\/i0.wp.com\/primeaero.at\/wp-content\/uploads\/2023\/05\/The_PRIME_Idea_Subpage_Banner.jpg?fit=1920%2C525&ssl=1","contentUrl":"https:\/\/i0.wp.com\/primeaero.at\/wp-content\/uploads\/2023\/05\/The_PRIME_Idea_Subpage_Banner.jpg?fit=1920%2C525&ssl=1","width":1920,"height":525,"caption":"The_PRIME_Idea"},{"@type":"BreadcrumbList","@id":"https:\/\/primeaero.at\/de\/die-prime-idee\/#breadcrumb","itemListElement":[{"@type":"ListItem","position":1,"name":"Home","item":"https:\/\/primeaero.at\/"},{"@type":"ListItem","position":2,"name":"Die Idee"}]},{"@type":"WebSite","@id":"https:\/\/primeaero.at\/#website","url":"https:\/\/primeaero.at\/","name":"TECHNIA (PRIME aerostructures)","description":"Engineering Ideas","publisher":{"@id":"https:\/\/primeaero.at\/#organization"},"potentialAction":[{"@type":"SearchAction","target":{"@type":"EntryPoint","urlTemplate":"https:\/\/primeaero.at\/?s={search_term_string}"},"query-input":{"@type":"PropertyValueSpecification","valueRequired":true,"valueName":"search_term_string"}}],"inLanguage":"de"},{"@type":"Organization","@id":"https:\/\/primeaero.at\/#organization","name":"TECHNIA (PRIME aerostructures)","url":"https:\/\/primeaero.at\/","logo":{"@type":"ImageObject","inLanguage":"de","@id":"https:\/\/primeaero.at\/#\/schema\/logo\/image\/","url":"https:\/\/i0.wp.com\/primeaero.at\/wp-content\/uploads\/2025\/02\/cropped-Technia-logo-RGB-blue-pos-500space.png?fit=500%2C191&ssl=1","contentUrl":"https:\/\/i0.wp.com\/primeaero.at\/wp-content\/uploads\/2025\/02\/cropped-Technia-logo-RGB-blue-pos-500space.png?fit=500%2C191&ssl=1","width":500,"height":191,"caption":"TECHNIA (PRIME aerostructures)"},"image":{"@id":"https:\/\/primeaero.at\/#\/schema\/logo\/image\/"}}]}},"jetpack_likes_enabled":false,"jetpack_sharing_enabled":true,"jetpack_shortlink":"https:\/\/wp.me\/PbYMx3-By","amp_enabled":true,"_links":{"self":[{"href":"https:\/\/primeaero.at\/de\/wp-json\/wp\/v2\/pages\/2328","targetHints":{"allow":["GET"]}}],"collection":[{"href":"https:\/\/primeaero.at\/de\/wp-json\/wp\/v2\/pages"}],"about":[{"href":"https:\/\/primeaero.at\/de\/wp-json\/wp\/v2\/types\/page"}],"author":[{"embeddable":true,"href":"https:\/\/primeaero.at\/de\/wp-json\/wp\/v2\/users\/185605373"}],"replies":[{"embeddable":true,"href":"https:\/\/primeaero.at\/de\/wp-json\/wp\/v2\/comments?post=2328"}],"version-history":[{"count":8,"href":"https:\/\/primeaero.at\/de\/wp-json\/wp\/v2\/pages\/2328\/revisions"}],"predecessor-version":[{"id":10830,"href":"https:\/\/primeaero.at\/de\/wp-json\/wp\/v2\/pages\/2328\/revisions\/10830"}],"wp:featuredmedia":[{"embeddable":true,"href":"https:\/\/primeaero.at\/de\/wp-json\/wp\/v2\/media\/4296"}],"wp:attachment":[{"href":"https:\/\/primeaero.at\/de\/wp-json\/wp\/v2\/media?parent=2328"}],"wp:term":[{"taxonomy":"post_tag","embeddable":true,"href":"https:\/\/primeaero.at\/de\/wp-json\/wp\/v2\/tags?post=2328"}],"curies":[{"name":"wp","href":"https:\/\/api.w.org\/{rel}","templated":true}]}}